{"id":2563,"date":"2017-08-05T09:05:00","date_gmt":"2017-08-05T09:05:00","guid":{"rendered":"http:\/\/erasmusplus.al\/?page_id=2563"},"modified":"2022-02-21T09:45:39","modified_gmt":"2022-02-21T09:45:39","slug":"here-t-shqiptare","status":"publish","type":"page","link":"https:\/\/erasmusplus.al\/?page_id=2563&lang=sq","title":{"rendered":"HERE-t SHQIPTARE"},"content":{"rendered":"<p>[et_pb_section fb_built=&#8221;1&#8243; admin_label=&#8221;section&#8221; _builder_version=&#8221;3.22&#8243; global_colors_info=&#8221;{}&#8221;][et_pb_row admin_label=&#8221;row&#8221; _builder_version=&#8221;3.25&#8243; background_size=&#8221;initial&#8221; background_position=&#8221;top_left&#8221; background_repeat=&#8221;repeat&#8221; global_colors_info=&#8221;{}&#8221;][et_pb_column type=&#8221;4_4&#8243; _builder_version=&#8221;3.25&#8243; custom_padding=&#8221;|||&#8221; global_colors_info=&#8221;{}&#8221; custom_padding__hover=&#8221;|||&#8221;][et_pb_text admin_label=&#8221;Text&#8221; _builder_version=&#8221;3.27.4&#8243; background_size=&#8221;initial&#8221; background_position=&#8221;top_left&#8221; background_repeat=&#8221;repeat&#8221; global_colors_info=&#8221;{}&#8221;]<\/p>\n<div id=\"pl-2563\" class=\"panel-layout\">\n<div id=\"pg-2563-0\" class=\"panel-grid panel-no-style\" data-style=\"{&quot;background_image_attachment&quot;:false,&quot;background_display&quot;:&quot;tile&quot;,&quot;cell_alignment&quot;:&quot;flex-start&quot;}\" data-ratio=\"1\" data-ratio-direction=\"right\">\n<div id=\"pgc-2563-0-0\" class=\"panel-grid-cell\" data-weight=\"0.5\">\n<div id=\"panel-2563-0-0-0\" class=\"so-panel widget widget_black-studio-tinymce widget_black_studio_tinymce panel-first-child panel-last-child\" data-index=\"0\" data-style=\"{&quot;background_image_attachment&quot;:false,&quot;background_display&quot;:&quot;tile&quot;,&quot;featured_widgets&quot;:&quot;&quot;,&quot;bigger_title&quot;:&quot;&quot;}\">\n<div class=\"textwidget\">\n<h3><span style=\"color: #000000;\">HERE-t SHQIPTARE<\/span><\/h3>\n<p><span style=\"color: #000000;\">HERE-t (<em>Higher Education Reform Experts<\/em>) jan\u00eb nj\u00eb ekip ekspert\u00ebsh komb\u00ebtar\u00eb i mb\u00ebshtetur m\u00eb par\u00eb nga programi Tempus, tani nga Erasmus +, p\u00ebr t\u00eb k\u00ebshilluar p\u00ebr reformat\u00a0 dhe politikat e Arsimit t\u00eb Lart\u00eb n\u00eb vend dhe p\u00ebr t\u2019i orientuar ato n\u00eb p\u00ebrputhje me prioritet dhe zhvillimet e\u00a0 vendeve t\u00eb Bashkimit Evropian. Aktualisht, Shqip\u00ebria ka nj\u00eb ekip prej 7 ekspert\u00ebsh (HERE), t\u00eb cil\u00ebt p\u00ebrfaq\u00ebsojn\u00eb nivelet e larta drejtuese n\u00eb Ministris\u00eb s\u00eb Arsimit dhe Sportit dhe disa nga Universitet m\u00eb t\u00eb r\u00ebnd\u00ebsishme n\u00eb vend.\u00a0<\/span><\/p>\n<p><span style=\"text-decoration: underline;\"><span style=\"color: #0000ff; text-decoration: underline;\"><a style=\"color: #0000ff; text-decoration: underline;\" href=\"https:\/\/erasmusplus.al\/wp-content\/uploads\/2017\/06\/Albanian-HERE-Team.pdf\">LINK<\/a><\/span><\/span><span style=\"color: #0000ff;\"><a style=\"color: #0000ff; text-decoration: underline;\" href=\"https:\/\/erasmusplus.al\/wp-content\/uploads\/2017\/06\/Albanian-HERE-Team.pdf\">\u00a0\u00a0<\/a><\/span><span style=\"text-decoration: underline;\"><span style=\"color: #0000ff; text-decoration: underline;\"><a style=\"color: #0000ff; text-decoration: underline;\" href=\"https:\/\/www.facebook.com\/Albanian-HERE-for-Erasmus--1815269242080077\/\">Facebook<\/a><\/span><\/span><\/p>\n<p><a href=\"https:\/\/erasmusplus.al\/wp-content\/uploads\/2019\/02\/Here-Team.jpg\"><img loading=\"lazy\" decoding=\"async\" class=\"alignnone size-medium wp-image-4512\" src=\"https:\/\/erasmusplus.al\/wp-content\/uploads\/2019\/02\/Here-Team-300x246.jpg\" alt=\"\" width=\"300\" height=\"246\" srcset=\"https:\/\/erasmusplus.al\/wp-content\/uploads\/2019\/02\/Here-Team-300x246.jpg 300w, https:\/\/erasmusplus.al\/wp-content\/uploads\/2019\/02\/Here-Team-768x630.jpg 768w, https:\/\/erasmusplus.al\/wp-content\/uploads\/2019\/02\/Here-Team.jpg 960w\" sizes=\"(max-width: 300px) 100vw, 300px\" \/><\/a><\/p>\n<p>&nbsp;<\/p>\n<\/div>\n<\/div>\n<\/div>\n<div id=\"pgc-2563-0-1\" class=\"panel-grid-cell\" data-style=\"{&quot;background_display&quot;:&quot;tile&quot;,&quot;vertical_alignment&quot;:&quot;auto&quot;}\" data-weight=\"0.5\">\n<div id=\"panel-2563-0-1-0\" class=\"so-panel widget widget_black-studio-tinymce widget_black_studio_tinymce panel-first-child\" data-index=\"1\" data-style=\"{&quot;background_display&quot;:&quot;tile&quot;,&quot;featured_widgets&quot;:&quot;&quot;,&quot;bigger_title&quot;:&quot;&quot;}\">\n<div class=\"textwidget\">\n<h3><a href=\"https:\/\/erasmusplus.al\/?page_id=2567&amp;lang=sq\"><strong><span style=\"color: #000000;\">AKTIVITETET e HERE<\/span><\/strong><\/a><\/h3>\n<\/div>\n<\/div>\n<div id=\"panel-2563-0-1-1\" class=\"so-panel widget widget_sow-image panel-last-child\" data-index=\"2\" data-style=\"{&quot;background_display&quot;:&quot;tile&quot;,&quot;featured_widgets&quot;:&quot;&quot;,&quot;bigger_title&quot;:&quot;&quot;}\"><div\n\t\t\t\n\t\t\tclass=\"so-widget-sow-image so-widget-sow-image-default-8b5b6f678277\"\n\t\t\t\n\t\t>\n<div class=\"sow-image-container\">\n\t\t\t<a href=\"https:\/\/erasmusplus.al\/?page_id=2567&#038;lang=sq\"\n\t\t\t\t\t>\n\t\t\t<img \n\tsrc=\"https:\/\/erasmusplus.al\/wp-content\/uploads\/2017\/06\/kutia11.jpg\" width=\"275\" height=\"200\" sizes=\"(max-width: 275px) 100vw, 275px\" alt=\"\" \t\tclass=\"so-widget-image\"\/>\n\t\t\t<\/a><\/div>\n\n<\/div><\/div>\n<\/div>\n<\/div>\n<div id=\"pg-2563-1\" class=\"panel-grid panel-no-style\" data-style=\"{&quot;background_image_attachment&quot;:false,&quot;background_display&quot;:&quot;tile&quot;,&quot;cell_alignment&quot;:&quot;flex-start&quot;}\" data-ratio=\"1\" data-ratio-direction=\"right\">\n<div id=\"pgc-2563-1-0\" class=\"panel-grid-cell\" data-weight=\"0.5\">\n<div id=\"panel-2563-1-0-0\" class=\"so-panel widget widget_black-studio-tinymce widget_black_studio_tinymce panel-first-child panel-last-child\" data-index=\"3\" data-style=\"{&quot;background_image_attachment&quot;:false,&quot;background_display&quot;:&quot;tile&quot;,&quot;featured_widgets&quot;:&quot;&quot;,&quot;bigger_title&quot;:&quot;&quot;}\">\n<div class=\"textwidget\">\n<h2><span style=\"color: #000000;\"><strong>P\u00cbRGJEGJ\u00cbSIT\u00cb E HERE-ve<\/strong><\/span><\/h2>\n<p><span style=\"color: #000000;\">-HERE-t marrin pjes\u00eb n\u00eb aktivitete\u00a0 nd\u00ebrkomb\u00ebtare q\u00eb organizohen posa\u00e7\u00ebrisht p\u00ebr ta nga Komisioni Evropian. K\u00ebto veprimtari ndahen n\u00eb: Seminare tematike, vizita studimore dhe konferenca nd\u00ebrkomb\u00ebtare;<\/span><\/p>\n<p><span style=\"color: #000000;\">-HERE-t kan\u00eb detyrimin t\u00eb shp\u00ebrndajn\u00eb p\u00ebrvoj\u00ebn e fituar n\u00eb nivel institucioni dhe n\u00eb seminaret\u00a0 komb\u00ebtare, q\u00eb organizohen n\u00eb Shqip\u00ebri, me mb\u00ebshtetjen e Zyr\u00ebs Erasmus+;<\/span><\/p>\n<p><span style=\"color: #000000;\">-HERE-t mbajn\u00eb prezantime n\u00eb seminaret komb\u00ebtare q\u00eb planifikohen prej tyre;<\/span><\/p>\n<p><span style=\"color: #000000;\">-HERE-t luajn\u00eb role aktive si ekspert\u00eb ose si moderator\u00eb n\u00eb aktivitetet nd\u00ebrkomb\u00ebtare kur kjo&#8230;<\/span><\/p>\n<p><a href=\"https:\/\/erasmusplus.al\/?page_id=4582&amp;lang=sq\"><span style=\"text-decoration: underline;\"><span style=\"color: #3366ff; text-decoration: underline;\">READ MORE<\/span><\/span><\/a><\/p>\n<\/div>\n<\/div>\n<\/div>\n<div id=\"pgc-2563-1-1\" class=\"panel-grid-cell\" data-style=\"{&quot;background_display&quot;:&quot;tile&quot;,&quot;vertical_alignment&quot;:&quot;auto&quot;}\" data-weight=\"0.5\">\n<div id=\"panel-2563-1-1-0\" class=\"so-panel widget widget_black-studio-tinymce widget_black_studio_tinymce panel-first-child panel-last-child\" data-index=\"4\" data-style=\"{&quot;background_image_attachment&quot;:false,&quot;background_display&quot;:&quot;tile&quot;,&quot;featured_widgets&quot;:&quot;&quot;,&quot;bigger_title&quot;:&quot;&quot;}\">\n<div class=\"textwidget\">\n<div class=\"wp-block-file\"><\/div>\n<p>&nbsp;<\/p>\n<\/div>\n<\/div>\n<\/div>\n<\/div>\n<\/div>\n<p>[\/et_pb_text][\/et_pb_column][\/et_pb_row][\/et_pb_section]<\/p>\n","protected":false},"excerpt":{"rendered":"<p>HERE-t SHQIPTARE HERE-t (Higher Education Reform Experts) jan\u00eb nj\u00eb ekip ekspert\u00ebsh komb\u00ebtar\u00eb i mb\u00ebshtetur m\u00eb par\u00eb nga programi Tempus, tani nga Erasmus +, p\u00ebr t\u00eb k\u00ebshilluar p\u00ebr reformat\u00a0 dhe politikat e Arsimit t\u00eb Lart\u00eb n\u00eb vend dhe p\u00ebr t\u2019i orientuar ato n\u00eb p\u00ebrputhje me prioritet dhe zhvillimet e\u00a0 vendeve t\u00eb Bashkimit Evropian. Aktualisht, Shqip\u00ebria ka [&hellip;]<\/p>\n","protected":false},"author":1,"featured_media":594,"parent":0,"menu_order":0,"comment_status":"closed","ping_status":"closed","template":"","meta":{"_acf_changed":false,"_et_pb_use_builder":"on","_et_pb_old_content":"<div id=\"pl-2563\"  class=\"panel-layout\" ><div id=\"pg-2563-0\"  class=\"panel-grid panel-no-style\"  data-style=\"{&quot;background_image_attachment&quot;:false,&quot;background_display&quot;:&quot;tile&quot;,&quot;cell_alignment&quot;:&quot;flex-start&quot;}\"  data-ratio=\"1\"  data-ratio-direction=\"right\" ><div id=\"pgc-2563-0-0\"  class=\"panel-grid-cell\"  data-weight=\"0.5\" ><div id=\"panel-2563-0-0-0\" class=\"so-panel widget widget_black-studio-tinymce widget_black_studio_tinymce panel-first-child panel-last-child\" data-index=\"0\" data-style=\"{&quot;background_image_attachment&quot;:false,&quot;background_display&quot;:&quot;tile&quot;,&quot;featured_widgets&quot;:&quot;&quot;,&quot;bigger_title&quot;:&quot;&quot;}\" ><div class=\"textwidget\"><h3><span style=\"color: #000000;\">HERE-t SHQIPTARE<\/span><\/h3>\n<span style=\"color: #000000;\">HERE-t (<em>Higher Education Reform Experts<\/em>) jan\u00eb nj\u00eb ekip ekspert\u00ebsh komb\u00ebtar\u00eb i mb\u00ebshtetur m\u00eb par\u00eb nga programi Tempus, tani nga Erasmus +, p\u00ebr t\u00eb k\u00ebshilluar p\u00ebr reformat\u00a0 dhe politikat e Arsimit t\u00eb Lart\u00eb n\u00eb vend dhe p\u00ebr t\u2019i orientuar ato n\u00eb p\u00ebrputhje me prioritet dhe zhvillimet e\u00a0 vendeve t\u00eb Bashkimit Evropian. Aktualisht, Shqip\u00ebria ka nj\u00eb ekip prej 7 ekspert\u00ebsh (HERE), t\u00eb cil\u00ebt p\u00ebrfaq\u00ebsojn\u00eb nivelet e larta drejtuese n\u00eb Ministris\u00eb s\u00eb Arsimit dhe Sportit dhe disa nga Universitet m\u00eb t\u00eb r\u00ebnd\u00ebsishme n\u00eb vend.\u00a0<\/span>\n\n<span style=\"text-decoration: underline;\"><span style=\"color: #0000ff; text-decoration: underline;\"><a style=\"color: #0000ff; text-decoration: underline;\" href=\"http:\/\/erasmusplus.al\/wp-content\/uploads\/2017\/06\/Albanian-HERE-Team.pdf\">LINK<\/a><\/span><\/span><span style=\"color: #0000ff;\"><a style=\"color: #0000ff; text-decoration: underline;\" href=\"http:\/\/erasmusplus.al\/wp-content\/uploads\/2017\/06\/Albanian-HERE-Team.pdf\">\u00a0\u00a0<\/a><\/span><span style=\"text-decoration: underline;\"><span style=\"color: #0000ff; text-decoration: underline;\"><a style=\"color: #0000ff; text-decoration: underline;\" href=\"https:\/\/www.facebook.com\/Albanian-HERE-for-Erasmus--1815269242080077\/\">Facebook<\/a><\/span><\/span>\n\n<a href=\"http:\/\/erasmusplus.al\/wp-content\/uploads\/2019\/02\/Here-Team.jpg\"><img class=\"alignnone size-medium wp-image-4512\" src=\"http:\/\/erasmusplus.al\/wp-content\/uploads\/2019\/02\/Here-Team-300x246.jpg\" alt=\"\" width=\"300\" height=\"246\" \/><\/a>\n\n&nbsp;<\/div><\/div><\/div><div id=\"pgc-2563-0-1\"  class=\"panel-grid-cell\"  data-style=\"{&quot;background_display&quot;:&quot;tile&quot;,&quot;vertical_alignment&quot;:&quot;auto&quot;}\"  data-weight=\"0.5\" ><div id=\"panel-2563-0-1-0\" class=\"so-panel widget widget_black-studio-tinymce widget_black_studio_tinymce panel-first-child\" data-index=\"1\" data-style=\"{&quot;background_display&quot;:&quot;tile&quot;,&quot;featured_widgets&quot;:&quot;&quot;,&quot;bigger_title&quot;:&quot;&quot;}\" ><div class=\"textwidget\"><h3><a href=\"http:\/\/erasmusplus.al\/?page_id=2567&amp;lang=sq\"><strong><span style=\"color: #000000;\">AKTIVITETET e HERE<\/span><\/strong><\/a><\/h3><\/div><\/div><div id=\"panel-2563-0-1-1\" class=\"so-panel widget widget_sow-image panel-last-child\" data-index=\"2\" data-style=\"{&quot;background_display&quot;:&quot;tile&quot;,&quot;featured_widgets&quot;:&quot;&quot;,&quot;bigger_title&quot;:&quot;&quot;}\" >[siteorigin_widget class=\"SiteOrigin_Widget_Image_Widget\"]<input type=\"hidden\" value=\"{&quot;instance&quot;:{&quot;image&quot;:594,&quot;image_fallback&quot;:&quot;http:\/\/594&quot;,&quot;size&quot;:&quot;full&quot;,&quot;align&quot;:&quot;default&quot;,&quot;title&quot;:&quot;&quot;,&quot;title_position&quot;:&quot;hidden&quot;,&quot;alt&quot;:&quot;&quot;,&quot;url&quot;:&quot;http:\/\/erasmusplus.al\/?page_id=2567&amp;lang=sq&quot;,&quot;bound&quot;:true,&quot;_sow_form_id&quot;:&quot;594a66e24c10d&quot;,&quot;_sow_form_timestamp&quot;:&quot;1501923894523&quot;,&quot;new_window&quot;:false,&quot;full_width&quot;:false,&quot;csb_visibility&quot;:{&quot;action&quot;:&quot;show&quot;,&quot;conditions&quot;:{&quot;guest&quot;:[],&quot;date&quot;:[],&quot;roles&quot;:[],&quot;pagetypes&quot;:[],&quot;posttypes&quot;:[],&quot;membership&quot;:[],&quot;membership2&quot;:[],&quot;prosite&quot;:[],&quot;pt-post&quot;:[],&quot;pt-page&quot;:[],&quot;pt-w4pl&quot;:[],&quot;tax-category&quot;:[],&quot;tax-post_tag&quot;:[],&quot;tax-post_format&quot;:[]},&quot;always&quot;:true},&quot;csb_clone&quot;:{&quot;group&quot;:11,&quot;state&quot;:&quot;ok&quot;}},&quot;args&quot;:{&quot;before_widget&quot;:&quot;&lt;div id=&quot;panel-2563-0-1-1&quot; class=&quot;so-panel widget widget_sow-image panel-last-child&quot; data-index=&quot;2&quot; data-style=&quot;{&amp;quot;background_display&amp;quot;:&amp;quot;tile&amp;quot;,&amp;quot;featured_widgets&amp;quot;:&amp;quot;&amp;quot;,&amp;quot;bigger_title&amp;quot;:&amp;quot;&amp;quot;}&quot; &gt;&quot;,&quot;after_widget&quot;:&quot;&lt;\/div&gt;&quot;,&quot;before_title&quot;:&quot;&lt;h3 class=&quot;widget-title&quot;&gt;&lt;span class=&quot;widget-title__inline&quot;&gt;&quot;,&quot;after_title&quot;:&quot;&lt;\/span&gt;&lt;\/h3&gt;&quot;,&quot;widget_id&quot;:&quot;widget-0-1-1&quot;}}\" \/>[\/siteorigin_widget]<\/div><\/div><\/div><div id=\"pg-2563-1\"  class=\"panel-grid panel-no-style\"  data-style=\"{&quot;background_image_attachment&quot;:false,&quot;background_display&quot;:&quot;tile&quot;,&quot;cell_alignment&quot;:&quot;flex-start&quot;}\"  data-ratio=\"1\"  data-ratio-direction=\"right\" ><div id=\"pgc-2563-1-0\"  class=\"panel-grid-cell\"  data-weight=\"0.5\" ><div id=\"panel-2563-1-0-0\" class=\"so-panel widget widget_black-studio-tinymce widget_black_studio_tinymce panel-first-child panel-last-child\" data-index=\"3\" data-style=\"{&quot;background_image_attachment&quot;:false,&quot;background_display&quot;:&quot;tile&quot;,&quot;featured_widgets&quot;:&quot;&quot;,&quot;bigger_title&quot;:&quot;&quot;}\" ><div class=\"textwidget\"><h2><span style=\"color: #000000;\"><strong>P\u00cbRGJEGJ\u00cbSIT\u00cb E HERE-ve<\/strong><\/span><\/h2>\n<span style=\"color: #000000;\">-HERE-t marrin pjes\u00eb n\u00eb aktivitete\u00a0 nd\u00ebrkomb\u00ebtare q\u00eb organizohen posa\u00e7\u00ebrisht p\u00ebr ta nga Komisioni Evropian. K\u00ebto veprimtari ndahen n\u00eb: Seminare tematike, vizita studimore dhe konferenca nd\u00ebrkomb\u00ebtare;<\/span>\n\n<span style=\"color: #000000;\">-HERE-t kan\u00eb detyrimin t\u00eb shp\u00ebrndajn\u00eb p\u00ebrvoj\u00ebn e fituar n\u00eb nivel institucioni dhe n\u00eb seminaret\u00a0 komb\u00ebtare, q\u00eb organizohen n\u00eb Shqip\u00ebri, me mb\u00ebshtetjen e Zyr\u00ebs Erasmus+;<\/span>\n\n<span style=\"color: #000000;\">-HERE-t mbajn\u00eb prezantime n\u00eb seminaret komb\u00ebtare q\u00eb planifikohen prej tyre;<\/span>\n\n<span style=\"color: #000000;\">-HERE-t luajn\u00eb role aktive si ekspert\u00eb ose si moderator\u00eb n\u00eb aktivitetet nd\u00ebrkomb\u00ebtare kur kjo...<\/span>\n\n<a href=\"http:\/\/erasmusplus.al\/?page_id=4582&amp;lang=sq\"><span style=\"text-decoration: underline;\"><span style=\"color: #3366ff; text-decoration: underline;\">READ MORE<\/span><\/span><\/a><\/div><\/div><\/div><div id=\"pgc-2563-1-1\"  class=\"panel-grid-cell\"  data-style=\"{&quot;background_display&quot;:&quot;tile&quot;,&quot;vertical_alignment&quot;:&quot;auto&quot;}\"  data-weight=\"0.5\" ><div id=\"panel-2563-1-1-0\" class=\"so-panel widget widget_black-studio-tinymce widget_black_studio_tinymce panel-first-child panel-last-child\" data-index=\"4\" data-style=\"{&quot;background_image_attachment&quot;:false,&quot;background_display&quot;:&quot;tile&quot;,&quot;featured_widgets&quot;:&quot;&quot;,&quot;bigger_title&quot;:&quot;&quot;}\" ><div class=\"textwidget\"><h2><span style=\"color: #000000;\"><strong>HERE Publications<\/strong><\/span><\/h2>\n<span style=\"color: #000000;\"><strong>Strengthening\u00a0 of the student role in governance and management of the HIS<\/strong><\/span>\n<div class=\"wp-block-file\"><a href=\"http:\/\/erasmusplus.al\/wp-content\/uploads\/2019\/02\/TAM-Roli-i-Studenteve.pdf\"><u>TAM Roli i Studenteve\u00a0<\/u><\/a><a class=\"wp-block-file__button\" href=\"http:\/\/erasmusplus.al\/wp-content\/uploads\/2019\/02\/TAM-Roli-i-Studenteve.pdf\" download=\"\">Download<\/a><\/div>\n<a href=\"http:\/\/erasmusplus.al\/wp-content\/uploads\/2019\/02\/TAM.jpg\"><img class=\"alignnone size-medium wp-image-4523\" src=\"http:\/\/erasmusplus.al\/wp-content\/uploads\/2019\/02\/TAM-231x300.jpg\" alt=\"\" width=\"231\" height=\"300\" \/><\/a><\/div><\/div><\/div><\/div><\/div>\n\n<style type=\"text\/css\" class=\"panels-style\" data-panels-style-for-post=\"2563\">@import url(http:\/\/erasmusplus.al\/wp-content\/plugins\/siteorigin-panels\/css\/front-flex.min.css); #pgc-2563-0-0 , #pgc-2563-0-1 , #pgc-2563-1-0 , #pgc-2563-1-1 { width:50%;width:calc(50% - ( 0.5 * 30px ) ) } #pl-2563 #panel-2563-0-0-0 , #pl-2563 #panel-2563-0-1-0 , #pl-2563 #panel-2563-0-1-1 , #pl-2563 #panel-2563-1-0-0 , #pl-2563 #panel-2563-1-1-0 {  } #pg-2563-0 , #pl-2563 .so-panel { margin-bottom:30px } #pl-2563 .so-panel:last-child { margin-bottom:0px } #pg-2563-0.panel-no-style, #pg-2563-0.panel-has-style > .panel-row-style , #pg-2563-1.panel-no-style, #pg-2563-1.panel-has-style > .panel-row-style { -webkit-align-items:flex-start;align-items:flex-start } #pgc-2563-0-1 , #pgc-2563-1-1 { align-self:auto } @media (max-width:780px){ #pg-2563-0.panel-no-style, #pg-2563-0.panel-has-style > .panel-row-style , #pg-2563-1.panel-no-style, #pg-2563-1.panel-has-style > .panel-row-style { -webkit-flex-direction:column;-ms-flex-direction:column;flex-direction:column } #pg-2563-0 > .panel-grid-cell , #pg-2563-0 > .panel-row-style > .panel-grid-cell , #pg-2563-1 > .panel-grid-cell , #pg-2563-1 > .panel-row-style > .panel-grid-cell { width:100%;margin-right:0 } #pgc-2563-0-0 , #pgc-2563-1-0 { margin-bottom:30px } #pl-2563 .panel-grid-cell { padding:0 } #pl-2563 .panel-grid .panel-grid-cell-empty { display:none } #pl-2563 .panel-grid .panel-grid-cell-mobile-last { margin-bottom:0px }  } <\/style>","_et_gb_content_width":"","footnotes":""},"class_list":["post-2563","page","type-page","status-publish","has-post-thumbnail","hentry"],"acf":[],"_links":{"self":[{"href":"https:\/\/erasmusplus.al\/index.php?rest_route=\/wp\/v2\/pages\/2563","targetHints":{"allow":["GET"]}}],"collection":[{"href":"https:\/\/erasmusplus.al\/index.php?rest_route=\/wp\/v2\/pages"}],"about":[{"href":"https:\/\/erasmusplus.al\/index.php?rest_route=\/wp\/v2\/types\/page"}],"author":[{"embeddable":true,"href":"https:\/\/erasmusplus.al\/index.php?rest_route=\/wp\/v2\/users\/1"}],"replies":[{"embeddable":true,"href":"https:\/\/erasmusplus.al\/index.php?rest_route=%2Fwp%2Fv2%2Fcomments&post=2563"}],"version-history":[{"count":15,"href":"https:\/\/erasmusplus.al\/index.php?rest_route=\/wp\/v2\/pages\/2563\/revisions"}],"predecessor-version":[{"id":8189,"href":"https:\/\/erasmusplus.al\/index.php?rest_route=\/wp\/v2\/pages\/2563\/revisions\/8189"}],"wp:featuredmedia":[{"embeddable":true,"href":"https:\/\/erasmusplus.al\/index.php?rest_route=\/wp\/v2\/media\/594"}],"wp:attachment":[{"href":"https:\/\/erasmusplus.al\/index.php?rest_route=%2Fwp%2Fv2%2Fmedia&parent=2563"}],"curies":[{"name":"wp","href":"https:\/\/api.w.org\/{rel}","templated":true}]}}