{"id":2651,"date":"2017-08-05T10:13:49","date_gmt":"2017-08-05T10:13:49","guid":{"rendered":"http:\/\/erasmusplus.al\/?page_id=2651"},"modified":"2017-08-24T10:40:00","modified_gmt":"2017-08-24T10:40:00","slug":"master-programme","status":"publish","type":"page","link":"https:\/\/erasmusplus.al\/?page_id=2651&lang=sq","title":{"rendered":"Programet Master"},"content":{"rendered":"<p><span style=\"color: #000000;\"><strong>KA 1 SHK\u00cbMBIMET P\u00cbR MASTER T\u00cb P\u00cbRBASHK\u00cbT<\/strong>\u00a0(<em>Degree Mobility<\/em>) n\u00eb Erasmus Mundus dhe Erasmus+;<\/span><\/p>\n<p><span style=\"color: #000000;\"><strong>Aplikimet p\u00ebr master <\/strong><\/span><\/p>\n<p><span style=\"color: #000000;\">Ky komponent mund\u00ebson kryerjen e nj\u00eb programi master,\u00a0<u>vet\u00ebm me koh\u00eb t\u00eb plot\u00eb<\/u>,\u00a0 n\u00eb dy ose m\u00eb shum\u00eb universitete evropiane me burs\u00eb Erasmus +. Nj\u00eb kusht i domosdosh\u00ebm p\u00ebr t\u00eb aplikuar \u00ebsht\u00eb njohja e gjuh\u00ebs angleze dhe mbrojtja me nj\u00eb nga testet e njohura n\u00eb rang nd\u00ebrkomb\u00ebtar si TOEFL, IELTS etj. Diploma q\u00eb l\u00ebshohet n\u00eb fund t\u00eb studimeve \u00ebsht\u00eb diplom\u00eb e p\u00ebrbashk\u00ebt q\u00eb njihet nga t\u00eb gjitha universitetet evropiane. \u00a0Aplikimet p\u00ebr Master zakonisht hapen n\u00eb muajin tetor dhe q\u00ebndrojn\u00eb t\u00eb hapura deri n\u00eb muajin dhjetor t\u00eb \u00e7do viti. N\u00eb disa raste, mund t\u00eb ken\u00eb afat deri n\u00eb muajin janar t\u00eb vitit pasardh\u00ebs.<\/span><\/p>\n<p><span style=\"color: #000000;\">Bursat Erasmus + mbulojn\u00eb t\u00eb gjitha shpenzimet, p\u00ebrfshir\u00eb transportin, q\u00ebndrimin, pages\u00ebn e regjistrimit, sigurimin e jet\u00ebs, kostot e viz\u00ebs, etj.<\/span><\/p>\n<p><span style=\"color: #000000;\">P\u00ebr list\u00ebn e plot\u00eb t\u00eb Erasmus Mundus Action 1, referohuni lidhjes s\u00eb m\u00ebposhtme:<\/span><\/p>\n<p><span style=\"color: #000000;\"><strong>P\u00ebr list\u00ebn e plot\u00eb t\u00eb Masterave t\u00eb p\u00ebrbashk\u00ebt:<\/strong><\/span><\/p>\n<p><span style=\"color: #000000;\"><a href=\"http:\/\/eacea.ec.europa.eu\/erasmus_mundus\/results_compendia\/selected_projects_action_1_master_courses_en.php\"><span style=\"color: #0000ff;\"><span style=\"text-decoration: underline;\">http:\/\/eacea.ec.europa.eu\/erasmus_mundus\/results_compendia\/selected_projects_action_1_master_courses_en.php<\/span><\/span><\/a><u><\/u><\/span><\/p>\n<p><span style=\"color: #000000;\"><strong>\u00a0<\/strong><\/span><\/p>\n<p><span style=\"color: #000000;\"><strong>Si b\u00ebhet aplikimi<\/strong>?<\/span><\/p>\n<p><span style=\"color: #000000;\">\u2013Si fillim, brenda list\u00ebs s\u00eb masterave t\u00eb ofruara, identifikoni ato programe q\u00eb p\u00ebrshtaten m\u00eb tep\u00ebr me studimet q\u00eb keni kryer ose jan\u00eb t\u00eb nj\u00eb fushe t\u00eb p\u00ebraf\u00ebrt.<\/span><\/p>\n<p><span style=\"color: #000000;\">-Shqyrtoni informacionin e dh\u00ebn\u00eb tek faqja e internetit e masterit q\u00eb keni zgjedhur. Shikoni me v\u00ebmendje udh\u00ebzimet p\u00ebr aplikimin, kriteret,\u00a0 afatin e fundit, k\u00ebrkesat gjuh\u00ebsore dhe dokumentet e tjera q\u00eb mund t\u00eb nevojiten\u00a0 p\u00ebr dosjen e aplikimit. \u00c7do master\/doktorat\u00eb ka kritere dhe afatet specifike.<\/span><\/p>\n<p><span style=\"color: #000000;\">-Dokumentet q\u00eb k\u00ebrkohen p\u00ebrgjith\u00ebsisht p\u00ebrfshijn\u00eb: nj\u00eb let\u00ebr motivimi; diplom\u00ebn dhe list\u00ebn e notave;\u00a0d\u00ebshmin\u00eb e gjuh\u00ebs\u00a0angleze\u00a0t\u00eb mbrojtur me IELTS ose TOEFL, dy letra rekomandimi, dokumentin e identifikimit.<\/span><\/p>\n<p><span style=\"color: #000000;\">N\u00eb faqen e internetit t\u00eb \u00e7do programi master do t\u00eb merrni informacion m\u00eb t\u00eb detajuar p\u00ebr kriterin gjuh\u00ebsor, numrin e pik\u00ebve t\u00eb k\u00ebrkuara,\u00a0 rastet kur studimet e m\u00ebparshme jan\u00eb kryer n\u00eb k\u00ebt\u00eb gjuh\u00eb etj.<\/span><\/p>\n<p><span style=\"color: #000000;\">-Sigurohuni q\u00eb dokumentet e k\u00ebrkuara t\u00eb jen\u00eb t\u00eb p\u00ebrkthyera n\u00eb Anglisht dhe t\u00eb noterizuara (n\u00eb rast se nuk parashikohet n\u00eb gjuh\u00eb tjet\u00ebr).<\/span><\/p>\n<p><span style=\"color: #000000;\">-Aplikimi juaj b\u00ebhet\u00a0<u>VET\u00cbM<\/u>\u00a0online n\u00ebp\u00ebrmjet website-it t\u00eb masterit.<\/span><\/p>\n<p><span style=\"color: #000000;\"><em>*Mund t\u00eb aplikoni paralelisht, n\u00eb 3 programe t\u00eb ndryshme master-i. N\u00ebse jeni fitues n\u00eb 2 prej tyre, do t\u00eb ndiqni vet\u00ebm nj\u00ebrin.<\/em><\/span><\/p>\n<p><span style=\"color: #000000;\">-Tregoni kujdes t\u00eb respektoni afatin e fundit t\u00eb aplikimit, pasi asnj\u00eb aplikim nuk do t\u00eb jet\u00eb i vlefsh\u00ebm po kaloi afati.<\/span><\/p>\n<p>&nbsp;<\/p>\n","protected":false},"excerpt":{"rendered":"<p>KA 1 SHK\u00cbMBIMET P\u00cbR MASTER T\u00cb P\u00cbRBASHK\u00cbT\u00a0(Degree Mobility) n\u00eb Erasmus Mundus dhe Erasmus+; Aplikimet p\u00ebr master Ky komponent mund\u00ebson kryerjen e nj\u00eb programi master,\u00a0vet\u00ebm me koh\u00eb t\u00eb plot\u00eb,\u00a0 n\u00eb dy ose m\u00eb shum\u00eb universitete evropiane me burs\u00eb Erasmus +. Nj\u00eb kusht i domosdosh\u00ebm p\u00ebr t\u00eb aplikuar \u00ebsht\u00eb njohja e gjuh\u00ebs angleze dhe mbrojtja me nj\u00eb [&hellip;]<\/p>\n","protected":false},"author":1,"featured_media":0,"parent":2684,"menu_order":0,"comment_status":"closed","ping_status":"closed","template":"","meta":{"_acf_changed":false,"_et_pb_use_builder":"","_et_pb_old_content":"","_et_gb_content_width":"","footnotes":""},"class_list":["post-2651","page","type-page","status-publish","hentry"],"acf":[],"_links":{"self":[{"href":"https:\/\/erasmusplus.al\/index.php?rest_route=\/wp\/v2\/pages\/2651","targetHints":{"allow":["GET"]}}],"collection":[{"href":"https:\/\/erasmusplus.al\/index.php?rest_route=\/wp\/v2\/pages"}],"about":[{"href":"https:\/\/erasmusplus.al\/index.php?rest_route=\/wp\/v2\/types\/page"}],"author":[{"embeddable":true,"href":"https:\/\/erasmusplus.al\/index.php?rest_route=\/wp\/v2\/users\/1"}],"replies":[{"embeddable":true,"href":"https:\/\/erasmusplus.al\/index.php?rest_route=%2Fwp%2Fv2%2Fcomments&post=2651"}],"version-history":[{"count":3,"href":"https:\/\/erasmusplus.al\/index.php?rest_route=\/wp\/v2\/pages\/2651\/revisions"}],"predecessor-version":[{"id":2743,"href":"https:\/\/erasmusplus.al\/index.php?rest_route=\/wp\/v2\/pages\/2651\/revisions\/2743"}],"up":[{"embeddable":true,"href":"https:\/\/erasmusplus.al\/index.php?rest_route=\/wp\/v2\/pages\/2684"}],"wp:attachment":[{"href":"https:\/\/erasmusplus.al\/index.php?rest_route=%2Fwp%2Fv2%2Fmedia&parent=2651"}],"curies":[{"name":"wp","href":"https:\/\/api.w.org\/{rel}","templated":true}]}}