{"id":2659,"date":"2017-08-05T10:18:13","date_gmt":"2017-08-05T10:18:13","guid":{"rendered":"http:\/\/erasmusplus.al\/?page_id=2659"},"modified":"2020-03-04T10:25:03","modified_gmt":"2020-03-04T10:25:03","slug":"ongoing-cbhe-projects-in-albania","status":"publish","type":"page","link":"https:\/\/erasmusplus.al\/?page_id=2659&lang=sq","title":{"rendered":"Projektet CBHE n\u00eb zbatim n\u00eb Shqip\u00ebri"},"content":{"rendered":"<p>&nbsp;<\/p>\n<p><span style=\"text-decoration: underline;\"><span style=\"color: #0000ff;\"><strong><a href=\"https:\/\/erasmusplus.al\/wp-content\/uploads\/2020\/03\/CBHE-Projects-Granted-2019.pdf\"><span style=\"color: #0000ff; text-decoration: underline;\">CBHE Projects Granted 2019_started<\/span><\/a><\/strong><\/span><\/span><\/p>\n<p><span style=\"text-decoration: underline;\"><span style=\"color: #0000ff;\"><strong><a href=\"https:\/\/erasmusplus.al\/wp-content\/uploads\/2020\/03\/CBHE-Projects-Granted-2018.pdf\"><span style=\"color: #0000ff; text-decoration: underline;\">CBHE Projects Granted 2018_outgoing<\/span><\/a><\/strong><\/span><\/span><\/p>\n<p><span style=\"text-decoration: underline;\"><span style=\"color: #0000ff;\"><strong><a href=\"https:\/\/erasmusplus.al\/wp-content\/uploads\/2020\/03\/CBHE-Projects-Granted-2017.pdf\"><span style=\"color: #0000ff; text-decoration: underline;\">CBHE Projects Granted 2017_outgoing<\/span><\/a><\/strong><\/span><\/span><\/p>\n<p><span style=\"text-decoration: underline;\"><span style=\"color: #0000ff;\"><strong><a href=\"https:\/\/erasmusplus.al\/wp-content\/uploads\/2020\/03\/CBHE-Projects-Granted-2016.pdf\"><span style=\"color: #0000ff; text-decoration: underline;\">CBHE Projects Granted 2016_outgoing<\/span><\/a><\/strong><\/span><\/span><\/p>\n<p><span style=\"text-decoration: underline;\"><span style=\"color: #0000ff;\"><strong><a href=\"https:\/\/erasmusplus.al\/wp-content\/uploads\/2020\/03\/CBHE-Projects-Granted-2015.pdf\"><span style=\"color: #0000ff; text-decoration: underline;\">CBHE Projects Granted 2015_finished<\/span><\/a><\/strong><\/span><\/span><\/p>\n<p>&nbsp;<\/p>\n","protected":false},"excerpt":{"rendered":"<p>&nbsp; CBHE Projects Granted 2019_started CBHE Projects Granted 2018_outgoing CBHE Projects Granted 2017_outgoing CBHE Projects Granted 2016_outgoing CBHE Projects Granted 2015_finished &nbsp;<\/p>\n","protected":false},"author":1,"featured_media":0,"parent":0,"menu_order":0,"comment_status":"closed","ping_status":"closed","template":"","meta":{"_acf_changed":false,"_et_pb_use_builder":"","_et_pb_old_content":"","_et_gb_content_width":"","footnotes":""},"class_list":["post-2659","page","type-page","status-publish","hentry"],"acf":[],"_links":{"self":[{"href":"https:\/\/erasmusplus.al\/index.php?rest_route=\/wp\/v2\/pages\/2659","targetHints":{"allow":["GET"]}}],"collection":[{"href":"https:\/\/erasmusplus.al\/index.php?rest_route=\/wp\/v2\/pages"}],"about":[{"href":"https:\/\/erasmusplus.al\/index.php?rest_route=\/wp\/v2\/types\/page"}],"author":[{"embeddable":true,"href":"https:\/\/erasmusplus.al\/index.php?rest_route=\/wp\/v2\/users\/1"}],"replies":[{"embeddable":true,"href":"https:\/\/erasmusplus.al\/index.php?rest_route=%2Fwp%2Fv2%2Fcomments&post=2659"}],"version-history":[{"count":7,"href":"https:\/\/erasmusplus.al\/index.php?rest_route=\/wp\/v2\/pages\/2659\/revisions"}],"predecessor-version":[{"id":5116,"href":"https:\/\/erasmusplus.al\/index.php?rest_route=\/wp\/v2\/pages\/2659\/revisions\/5116"}],"wp:attachment":[{"href":"https:\/\/erasmusplus.al\/index.php?rest_route=%2Fwp%2Fv2%2Fmedia&parent=2659"}],"curies":[{"name":"wp","href":"https:\/\/api.w.org\/{rel}","templated":true}]}}