{"id":4582,"date":"2019-02-14T13:34:10","date_gmt":"2019-02-14T13:34:10","guid":{"rendered":"http:\/\/erasmusplus.al\/?page_id=4582"},"modified":"2019-02-14T13:34:10","modified_gmt":"2019-02-14T13:34:10","slug":"pergjegjesite-e-here-ve","status":"publish","type":"page","link":"https:\/\/erasmusplus.al\/?page_id=4582&lang=sq","title":{"rendered":"P\u00cbRGJEGJ\u00cbSIT\u00cb E HERE-ve"},"content":{"rendered":"<p><span style=\"color: #000000;\">-HERE-t marrin pjes\u00eb n\u00eb aktivitete\u00a0 nd\u00ebrkomb\u00ebtare q\u00eb organizohen posa\u00e7\u00ebrisht p\u00ebr ta nga Komisioni Evropian. K\u00ebto veprimtari ndahen n\u00eb: Seminare tematike, vizita studimore dhe konferenca nd\u00ebrkomb\u00ebtare;<\/span><\/p>\n<p><span style=\"color: #000000;\">-HERE-t kan\u00eb detyrimin t\u00eb shp\u00ebrndajn\u00eb p\u00ebrvoj\u00ebn e fituar n\u00eb nivel institucioni dhe n\u00eb seminaret\u00a0 komb\u00ebtare, q\u00eb organizohen n\u00eb Shqip\u00ebri, me mb\u00ebshtetjen e Zyr\u00ebs Erasmus+;<\/span><\/p>\n<p><span style=\"color: #000000;\">-HERE-t mbajn\u00eb prezantime n\u00eb seminaret komb\u00ebtare q\u00eb planifikohen prej tyre;<\/span><\/p>\n<p><span style=\"color: #000000;\">-HERE-t luajn\u00eb role aktive si ekspert\u00eb ose si moderator\u00eb n\u00eb aktivitetet nd\u00ebrkomb\u00ebtare kur kjo k\u00ebrkohet;<\/span><\/p>\n<p><span style=\"color: #000000;\">-HERE-t p\u00ebrfshihen dhe rekrutohen p\u00ebr detyra t\u00eb ndryshme n\u00eb kuad\u00ebr t\u00eb misioneve t\u00eb asistenc\u00ebs teknike, p\u00ebrgatitje studimesh, botimesh;<\/span><\/p>\n<p><span style=\"color: #000000;\">-HERE-t p\u00ebrfshihen n\u00eb grupe pune (komb\u00ebtare) p\u00ebr hartimin e dokumenteve strategjik\u00eb, p\u00ebrmir\u00ebsime t\u00eb baz\u00ebs ligjore, etj.<\/span><\/p>\n<p><span style=\"color: #000000;\">-HERE-t prononcohen n\u00eb median e shkuar dhe at\u00eb televizive lidhur me problematikat dhe politikat e Arsimit t\u00eb Lart\u00eb;<\/span><\/p>\n<p>&nbsp;<\/p>\n<p><span style=\"color: #000000;\"><strong>P\u00cbRGJEGJ\u00cbSIT\u00cb E ZYR\u00cbS ERASMUS+ NDAJ HERE-ve<\/strong><\/span><\/p>\n<p><span style=\"color: #000000;\"><strong>\u00a0<\/strong>-Zyra Erasmus+\u00a0 koordinonin\u00a0dhe leht\u00ebson pun\u00ebn e HERE-ve n\u00eb Shqip\u00ebri, si dhe leht\u00ebson pjes\u00ebmarrjen e tyre n\u00eb aktivitete t\u00eb ndryshme rajonale apo nd\u00ebrkomb\u00ebtare;<\/span><\/p>\n<p><span style=\"color: #000000;\">-Zyra Erasmus+ n\u00eb bashk\u00ebpunim me HERE-t harton programin vjetor t\u00eb pun\u00ebs (p\u00ebr HERE-t) dhe monitoron aktivitetet e tyre;<\/span><\/p>\n<p><span style=\"color: #000000;\">-Zyra Erasmus+ p\u00ebrgatit raporte p\u00ebr Agjencin\u00eb Ekzekutive n\u00eb Bruksel p\u00ebr\u00a0 aktivitetet e kryera nga HERE-t.<\/span><\/p>\n<p>&nbsp;<\/p>\n<p><span style=\"color: #000000;\"><strong>Raporti i aktiviteteve t\u00eb HERE-ve<\/strong><\/span><\/p>\n<p><span style=\"text-decoration: underline;\"><span style=\"color: #0000ff; text-decoration: underline;\"><a style=\"color: #0000ff; text-decoration: underline;\" href=\"http:\/\/eacea.ec.europa.eu\/tempus\/tools\/documents\/here_report_2012_130801.pdf\">http:\/\/eacea.ec.europa.eu\/tempus\/tools\/documents\/here_report_2012_130801.pdf<\/a><\/span><\/span><\/p>\n<p><span style=\"text-decoration: underline;\"><span style=\"color: #0000ff; text-decoration: underline;\">\u00a0<a style=\"color: #0000ff; text-decoration: underline;\" href=\"http:\/\/eacea.ec.europa.eu\/tempus\/tools\/publications_en.php#4\">http:\/\/eacea.ec.europa.eu\/tempus\/tools\/publications_en.php#4<\/a><\/span><\/span><\/p>\n","protected":false},"excerpt":{"rendered":"<p>-HERE-t marrin pjes\u00eb n\u00eb aktivitete\u00a0 nd\u00ebrkomb\u00ebtare q\u00eb organizohen posa\u00e7\u00ebrisht p\u00ebr ta nga Komisioni Evropian. K\u00ebto veprimtari ndahen n\u00eb: Seminare tematike, vizita studimore dhe konferenca nd\u00ebrkomb\u00ebtare; -HERE-t kan\u00eb detyrimin t\u00eb shp\u00ebrndajn\u00eb p\u00ebrvoj\u00ebn e fituar n\u00eb nivel institucioni dhe n\u00eb seminaret\u00a0 komb\u00ebtare, q\u00eb organizohen n\u00eb Shqip\u00ebri, me mb\u00ebshtetjen e Zyr\u00ebs Erasmus+; -HERE-t mbajn\u00eb prezantime n\u00eb seminaret komb\u00ebtare [&hellip;]<\/p>\n","protected":false},"author":1,"featured_media":0,"parent":0,"menu_order":0,"comment_status":"closed","ping_status":"closed","template":"","meta":{"_acf_changed":false,"_et_pb_use_builder":"","_et_pb_old_content":"","_et_gb_content_width":"","footnotes":""},"class_list":["post-4582","page","type-page","status-publish","hentry"],"acf":[],"_links":{"self":[{"href":"https:\/\/erasmusplus.al\/index.php?rest_route=\/wp\/v2\/pages\/4582","targetHints":{"allow":["GET"]}}],"collection":[{"href":"https:\/\/erasmusplus.al\/index.php?rest_route=\/wp\/v2\/pages"}],"about":[{"href":"https:\/\/erasmusplus.al\/index.php?rest_route=\/wp\/v2\/types\/page"}],"author":[{"embeddable":true,"href":"https:\/\/erasmusplus.al\/index.php?rest_route=\/wp\/v2\/users\/1"}],"replies":[{"embeddable":true,"href":"https:\/\/erasmusplus.al\/index.php?rest_route=%2Fwp%2Fv2%2Fcomments&post=4582"}],"version-history":[{"count":1,"href":"https:\/\/erasmusplus.al\/index.php?rest_route=\/wp\/v2\/pages\/4582\/revisions"}],"predecessor-version":[{"id":4583,"href":"https:\/\/erasmusplus.al\/index.php?rest_route=\/wp\/v2\/pages\/4582\/revisions\/4583"}],"wp:attachment":[{"href":"https:\/\/erasmusplus.al\/index.php?rest_route=%2Fwp%2Fv2%2Fmedia&parent=4582"}],"curies":[{"name":"wp","href":"https:\/\/api.w.org\/{rel}","templated":true}]}}