{"id":7077,"date":"2021-10-10T17:56:40","date_gmt":"2021-10-10T17:56:40","guid":{"rendered":"https:\/\/erasmusplus.al\/?page_id=7077"},"modified":"2024-03-24T13:21:39","modified_gmt":"2024-03-24T13:21:39","slug":"homeshqip","status":"publish","type":"page","link":"https:\/\/erasmusplus.al\/?lang=sq","title":{"rendered":"Kreu"},"content":{"rendered":"<p>[et_pb_section fb_built=&#8221;1&#8243; fullwidth=&#8221;on&#8221; admin_label=&#8221;Hero&#8221; _builder_version=&#8221;4.16&#8243; parallax=&#8221;on&#8221; top_divider_style=&#8221;clouds2&#8243; top_divider_color=&#8221;rgba(255,255,255,0.06)&#8221; global_colors_info=&#8221;{}&#8221;][et_pb_fullwidth_header subhead=&#8221;Zyra Erasmus+ n\u00eb Shqip\u00ebri&#8221; _builder_version=&#8221;4.17.4&#8243; background_color=&#8221;#333c9b&#8221; background_image=&#8221;https:\/\/erasmusplus.al\/wp-content\/uploads\/2021\/10\/pencils-1.png&#8221; hover_enabled=&#8221;0&#8243; button_one_border_radius_hover=&#8221;100px&#8221; button_two_border_radius_hover=&#8221;100px&#8221; button_one_bg_color_hover=&#8221;#ff8a70&#8243; button_two_bg_color_hover=&#8221;#ff8a70&#8243; global_colors_info=&#8221;{}&#8221; button_one_text_size__hover_enabled=&#8221;off&#8221; button_two_text_size__hover_enabled=&#8221;off&#8221; button_one_text_color__hover_enabled=&#8221;off&#8221; button_two_text_color__hover_enabled=&#8221;off&#8221; button_one_border_width__hover_enabled=&#8221;off&#8221; button_two_border_width__hover_enabled=&#8221;off&#8221; button_one_border_color__hover_enabled=&#8221;off&#8221; button_two_border_color__hover_enabled=&#8221;off&#8221; button_one_letter_spacing__hover_enabled=&#8221;off&#8221; button_two_letter_spacing__hover_enabled=&#8221;off&#8221; sticky_enabled=&#8221;0&#8243;]<\/p>\n<p>Changing lives, opening minds<\/p>\n<p>[\/et_pb_fullwidth_header][\/et_pb_section][et_pb_section fb_built=&#8221;1&#8243; _builder_version=&#8221;4.16&#8243; _module_preset=&#8221;default&#8221; global_colors_info=&#8221;{}&#8221;][et_pb_row column_structure=&#8221;3_5,2_5&#8243; _builder_version=&#8221;4.16&#8243; _module_preset=&#8221;default&#8221; global_colors_info=&#8221;{}&#8221;][et_pb_column type=&#8221;3_5&#8243; _builder_version=&#8221;4.16&#8243; _module_preset=&#8221;default&#8221; global_colors_info=&#8221;{}&#8221;][et_pb_text _builder_version=&#8221;4.16&#8243; _module_preset=&#8221;default&#8221; text_font=&#8221;Adamina||||||||&#8221; text_text_color=&#8221;#000000&#8243; text_font_size=&#8221;15px&#8221; text_line_height=&#8221;1.8em&#8221; header_font=&#8221;Adamina|700|||||||&#8221; header_text_color=&#8221;#000000&#8243; global_colors_info=&#8221;{}&#8221;]<\/p>\n<h1>Zyra Erasmus+ n\u00eb Shqip\u00ebri<\/h1>\n<p><strong>\u00a0\u00c7far\u00eb \u00ebsht\u00eb Zyra Erasmus+?<\/strong><\/p>\n<p>Duke filluar nga viti 2014, Zyrat Komb\u00ebtare Tempus u shnd\u00ebrruan n\u00eb Zyr\u00ebn Komb\u00ebtare Erasmus+ (NEO).<\/p>\n<p>Zyra Komb\u00ebtare Erasmus+ (NEO) asiston Komisionin, Agjencin\u00eb Ekzekutive dhe autoritetet lokale n\u00eb zbatimin e Programit Erasmus+. \u00cbsht\u00eb pika qendrore n\u00eb Shqip\u00ebri p\u00ebr pal\u00ebt e ineteresuara, t\u00eb p\u00ebrfshir\u00eb n\u00eb Programin Erasmus+ n\u00eb fush\u00ebn e arsimit t\u00eb lart\u00eb. Zyra kontribuon n\u00eb p\u00ebrmir\u00ebsimin e nd\u00ebrgjegj\u00ebsimit, dukshm\u00ebris\u00eb, r\u00ebnd\u00ebsis\u00eb, efektivitetit dhe ndikimit t\u00eb dimensionit nd\u00ebrkomb\u00ebtar t\u00eb Erasmus+.<\/p>\n<p>Zyra Komb\u00ebtare Erasmus+ \u00ebsht\u00eb p\u00ebrgjegj\u00ebse p\u00ebr:<\/p>\n<ul>\n<li>Ofrimin e informacionit p\u00ebr aktivitetet Erasmus+ q\u00eb jan\u00eb t\u00eb hapura p\u00ebr pjes\u00ebmarrjen (p\u00ebrfshir\u00eb n\u00eb fushat e arsimit t\u00eb lart\u00eb, rinis\u00eb dhe VET-it, aty ku \u00ebsht\u00eb e p\u00ebrshtatshme);<\/li>\n<li>K\u00ebshillimin dhe ndihm\u00ebn ndaj aplikant\u00ebve t\u00eb mundsh\u00ebm;<\/li>\n<li>Koordinimni e ekipit vendor t\u00eb Ekspert\u00ebve t\u00eb Reform\u00ebs n\u00eb Arsimin e Lart\u00eb (HERE);<\/li>\n<li>Kontributin n\u00eb studime dhe evente;<\/li>\n<li>Ofrimin e mb\u00ebshtetjes p\u00ebr dialogun politik;<\/li>\n<li>Mbajtjen e kontakteve me autoritetet lokale dhe delegacionin e BE-s\u00eb;<\/li>\n<li>Ndjekjen zhvillimeve e politikave n\u00eb fush\u00ebn e arsimit t\u00eb lart\u00eb n\u00eb vendin e ton\u00eb.<\/li>\n<\/ul>\n<p>Klikoni linkun p\u00ebr m\u00eb shum\u00eb informacion rreth udh\u00ebzuesit t\u00eb programit (2021-2027):<\/p>\n<p><a href=\"https:\/\/erasmus-plus.ec.europa.eu\/programme-guide\/erasmus-programme-guide\">https:\/\/erasmus-plus.ec.europa.eu\/programme-guide\/erasmus-programme-guide<\/a><\/p>\n<p>[\/et_pb_text][\/et_pb_column][et_pb_column type=&#8221;2_5&#8243; _builder_version=&#8221;4.16&#8243; _module_preset=&#8221;default&#8221; global_colors_info=&#8221;{}&#8221;][et_pb_post_slider include_categories=&#8221;all,current,110,114,107,2&#8243; bg_overlay_color=&#8221;#0C71C3&#8243; arrows_custom_color=&#8221;#FFFFFF&#8221; dot_nav_custom_color=&#8221;#FFFFFF&#8221; _builder_version=&#8221;4.22.2&#8243; _module_preset=&#8221;default&#8221; header_font=&#8221;Adamina|700|||||||&#8221; header_text_color=&#8221;#FFFFFF&#8221; header_font_size=&#8221;43px&#8221; body_text_color=&#8221;#FFFFFF&#8221; meta_text_color=&#8221;#f9f9f9&#8243; use_background_color_gradient=&#8221;on&#8221; background_image=&#8221;https:\/\/erasmusplus.al\/wp-content\/uploads\/2021\/11\/Screenshot-94.png&#8221; custom_button=&#8221;on&#8221; button_text_size=&#8221;22px&#8221; button_text_color=&#8221;#FFFFFF&#8221; button_bg_color=&#8221;RGBA(255,255,255,0)&#8221; button_border_width=&#8221;3px&#8221; button_border_color=&#8221;#FFFFFF&#8221; button_border_radius=&#8221;10px&#8221; button_font=&#8221;Adamina|700|||||||&#8221; background_layout=&#8221;light&#8221; border_radii=&#8221;on|7px|7px|7px|7px&#8221; border_radii_image=&#8221;off||||&#8221; global_colors_info=&#8221;{}&#8221;][\/et_pb_post_slider][\/et_pb_column][\/et_pb_row][et_pb_row column_structure=&#8221;1_2,1_2&#8243; _builder_version=&#8221;4.16&#8243; _module_preset=&#8221;default&#8221; global_colors_info=&#8221;{}&#8221;][et_pb_column type=&#8221;1_2&#8243; _builder_version=&#8221;4.16&#8243; _module_preset=&#8221;default&#8221; global_colors_info=&#8221;{}&#8221;][et_pb_text _builder_version=&#8221;4.16&#8243; _module_preset=&#8221;default&#8221; text_font=&#8221;Adamina||||||||&#8221; text_text_color=&#8221;#000000&#8243; text_font_size=&#8221;15px&#8221; text_line_height=&#8221;1.8em&#8221; header_3_font=&#8221;Adamina|700|||||||&#8221; header_3_text_color=&#8221;#000000&#8243; header_4_font=&#8221;Adamina|700|||||||&#8221; global_colors_info=&#8221;{}&#8221;]<\/p>\n<h3><strong>CONTACT<\/strong><\/h3>\n<p><strong><\/strong><\/p>\n<p><span>Address: Sheshi Skenderbej, Pallati i Kultur\u00ebs , kt 3, Tirana<\/span><\/p>\n<p>Tel:\u00a0\u00a0+355 4 2240435<br \/>Email 1: <a href=\"mailto:erasmusalbania@gmail.com\">erasmusalbania@gmail.com<\/a><br \/>Email 2: <a href=\"mailto:albania@erasmusplus.al\"><span>albania@erasmusplus.al<\/span><\/a><\/p>\n<p>[\/et_pb_text][\/et_pb_column][et_pb_column type=&#8221;1_2&#8243; _builder_version=&#8221;4.16&#8243; _module_preset=&#8221;default&#8221; global_colors_info=&#8221;{}&#8221;][et_pb_code _builder_version=&#8221;4.16&#8243; _module_preset=&#8221;default&#8221; global_colors_info=&#8221;{}&#8221;]<\/p>\n<div class=\"mapouter\">\n<div class=\"gmap_canvas\"><iframe width=\"300\" height=300\" id=\"gmap_canvas\" src=\"https:\/\/maps.google.com\/maps?q=pallati%20i%20kultures%20,%20tirane&#038;t=&#038;z=13&#038;ie=UTF8&#038;iwloc=&#038;output=embed\" frameborder=\"0\" scrolling=\"no\" marginheight=\"0\" marginwidth=\"0\"><\/iframe><!\u2013- [et_pb_br_holder] -\u2013><\/p>\n<style>.mapouter{position:relative;text-align:right;height:300px;width:300px;}<\/style>\n<style>.gmap_canvas <\/style>\n<\/div>\n<\/div>\n<p>[\/et_pb_code][\/et_pb_column][\/et_pb_row][\/et_pb_section]<\/p>\n","protected":false},"excerpt":{"rendered":"<p>Changing lives, opening mindsZyra Erasmus+ n\u00eb Shqip\u00ebri \u00a0\u00c7far\u00eb \u00ebsht\u00eb Zyra Erasmus+? Duke filluar nga viti 2014, Zyrat Komb\u00ebtare Tempus u shnd\u00ebrruan n\u00eb Zyr\u00ebn Komb\u00ebtare Erasmus+ (NEO). Zyra Komb\u00ebtare Erasmus+ (NEO) asiston Komisionin, Agjencin\u00eb Ekzekutive dhe autoritetet lokale n\u00eb zbatimin e Programit Erasmus+. \u00cbsht\u00eb pika qendrore n\u00eb Shqip\u00ebri p\u00ebr pal\u00ebt e ineteresuara, t\u00eb p\u00ebrfshir\u00eb n\u00eb Programin [&hellip;]<\/p>\n","protected":false},"author":2,"featured_media":0,"parent":0,"menu_order":0,"comment_status":"closed","ping_status":"closed","template":"","meta":{"_acf_changed":false,"_et_pb_use_builder":"on","_et_pb_old_content":"","_et_gb_content_width":"","footnotes":""},"class_list":["post-7077","page","type-page","status-publish","hentry"],"acf":[],"_links":{"self":[{"href":"https:\/\/erasmusplus.al\/index.php?rest_route=\/wp\/v2\/pages\/7077","targetHints":{"allow":["GET"]}}],"collection":[{"href":"https:\/\/erasmusplus.al\/index.php?rest_route=\/wp\/v2\/pages"}],"about":[{"href":"https:\/\/erasmusplus.al\/index.php?rest_route=\/wp\/v2\/types\/page"}],"author":[{"embeddable":true,"href":"https:\/\/erasmusplus.al\/index.php?rest_route=\/wp\/v2\/users\/2"}],"replies":[{"embeddable":true,"href":"https:\/\/erasmusplus.al\/index.php?rest_route=%2Fwp%2Fv2%2Fcomments&post=7077"}],"version-history":[{"count":14,"href":"https:\/\/erasmusplus.al\/index.php?rest_route=\/wp\/v2\/pages\/7077\/revisions"}],"predecessor-version":[{"id":9410,"href":"https:\/\/erasmusplus.al\/index.php?rest_route=\/wp\/v2\/pages\/7077\/revisions\/9410"}],"wp:attachment":[{"href":"https:\/\/erasmusplus.al\/index.php?rest_route=%2Fwp%2Fv2%2Fmedia&parent=7077"}],"curies":[{"name":"wp","href":"https:\/\/api.w.org\/{rel}","templated":true}]}}