{"id":7176,"date":"2021-10-18T09:44:29","date_gmt":"2021-10-18T09:44:29","guid":{"rendered":"https:\/\/erasmusplus.al\/?page_id=7176"},"modified":"2022-02-18T18:26:50","modified_gmt":"2022-02-18T18:26:50","slug":"agjensite-neo-erasmus","status":"publish","type":"page","link":"https:\/\/erasmusplus.al\/?page_id=7176&lang=sq","title":{"rendered":"Agjensit\u00eb NEO &#038; Erasmus+"},"content":{"rendered":"<p>[et_pb_section fb_built=&#8221;1&#8243; _builder_version=&#8221;4.14.8&#8243; _module_preset=&#8221;default&#8221; hover_enabled=&#8221;0&#8243; global_colors_info=&#8221;{}&#8221; top_divider_style=&#8221;slant2&#8243; top_divider_color=&#8221;#0C71C3&#8243; bottom_divider_style=&#8221;slant2&#8243; bottom_divider_color=&#8221;#0C71C3&#8243; sticky_enabled=&#8221;0&#8243;][et_pb_row _builder_version=&#8221;4.11.4&#8243; _module_preset=&#8221;default&#8221; global_colors_info=&#8221;{}&#8221;][et_pb_column type=&#8221;4_4&#8243; _builder_version=&#8221;4.11.4&#8243; _module_preset=&#8221;default&#8221; global_colors_info=&#8221;{}&#8221;][et_pb_text _builder_version=&#8221;4.14.8&#8243; _module_preset=&#8221;default&#8221; hover_enabled=&#8221;0&#8243; global_colors_info=&#8221;{}&#8221; text_font=&#8221;Adamina||||||||&#8221; text_text_color=&#8221;#000000&#8243; text_font_size=&#8221;18px&#8221; text_line_height=&#8221;1.8em&#8221; header_font=&#8221;Adamina|700|||||||&#8221; header_text_color=&#8221;#0C71C3&#8243; sticky_enabled=&#8221;0&#8243;]<\/p>\n<h1>N\u00eb vendet e Programit<span style=\"text-decoration: underline;\"><span style=\"color: #000080;\"><strong><\/strong><\/span><\/span><\/h1>\n<p><span style=\"text-decoration: underline;\"><span style=\"color: #000080;\"><strong>Agjensit\u00eb Komb\u00ebtare<\/strong><\/span><\/span><\/p>\n<p>Programi Erasmus+ menaxhohet nga Agjensit\u00eb Komb\u00ebtare p\u00ebr 28 vende t\u00eb Bashkimit Evropian, plus ishullin, Lihtenshtajnin, Norvegjin\u00eb, IRJM-n\u00eb, Turqin\u00eb dhe Serbin\u00eb, t\u00eb cilat quhen ndryshe Vende Programi. Kontaktet e Agjencive Komb\u00ebtare mund t&#8217;i gjeni si m\u00eb posht\u00eb:<\/p>\n<p><a href=\"http:\/\/ec.europa.eu\/programmes\/erasmus-plus\/national-agencies_en.htm\">http:\/\/ec.europa.eu\/programmes\/erasmus-plus\/national-agencies_en.htm<\/a><\/p>\n<h1><\/h1>\n<h1><\/h1>\n<h1><\/h1>\n<h1>N\u00eb vendet Partnere<\/h1>\n<p><span style=\"text-decoration: underline;\"><span style=\"color: #000080;\"><strong>Zyrat Komb\u00ebtare Erasmus+<\/strong><\/span><\/span><\/p>\n<h4>Zyrat Komb\u00ebtare Erasmus+ (NEO) ndihmojn\u00eb Komisionin Evropian dhe autoritetet lokale n\u00eb zbatimin e Erasmus+ n\u00eb disa vende partnere.<\/h4>\n<p>K\u00ebto vende jan\u00eb t\u00eb vendosura n\u00eb Ballkanin Per\u00ebndimor, Mesdheun Lindor dhe Jugor, Azin\u00eb Qendrore dhe Rusi. Zyrat komb\u00ebtare ofrojn\u00eb informacion mbi Erasmus+, monitorimi dhe vler\u00ebsimi i projekteve t\u00eb financuara, ndihma e aplikant\u00ebve dhe pjes\u00ebmarr\u00ebsve, mb\u00ebshtetja e dialogut p\u00ebr politikat dhe mbajtja e kontakteve me autoritetet lokale dhe delegacionet e BE-s\u00eb. Lista e Zyrave Komb\u00ebtare Erasmus+ \u00ebsht\u00eb e disponueshme n\u00eb faqen e internetit t\u00eb Agjencis\u00eb Ekzekutive Evropiane t\u00eb Arsimit dhe Kultur\u00ebs, linku:<\/p>\n<p><a href=\"https:\/\/wayback.archive-it.org\/12090\/20210122013205\/https:\/eacea.ec.europa.eu\/erasmus-plus\/contacts\/national-erasmus-plus-offices_en\">https:\/\/wayback.archive-it.org\/12090\/20210122013205\/https:\/eacea.ec.europa.eu\/erasmus-plus\/contacts\/national-erasmus-plus-offices_en<\/a><\/p>\n<p>[\/et_pb_text][\/et_pb_column][\/et_pb_row][\/et_pb_section]<\/p>\n","protected":false},"excerpt":{"rendered":"<p>N\u00eb vendet e Programit Agjensit\u00eb Komb\u00ebtare Programi Erasmus+ menaxhohet nga Agjensit\u00eb Komb\u00ebtare p\u00ebr 28 vende t\u00eb Bashkimit Evropian, plus ishullin, Lihtenshtajnin, Norvegjin\u00eb, IRJM-n\u00eb, Turqin\u00eb dhe Serbin\u00eb, t\u00eb cilat quhen ndryshe Vende Programi. Kontaktet e Agjencive Komb\u00ebtare mund t&#8217;i gjeni si m\u00eb posht\u00eb: http:\/\/ec.europa.eu\/programmes\/erasmus-plus\/national-agencies_en.htm N\u00eb vendet Partnere Zyrat Komb\u00ebtare Erasmus+ Zyrat Komb\u00ebtare Erasmus+ (NEO) ndihmojn\u00eb Komisionin [&hellip;]<\/p>\n","protected":false},"author":2,"featured_media":0,"parent":0,"menu_order":0,"comment_status":"closed","ping_status":"closed","template":"","meta":{"_acf_changed":false,"_et_pb_use_builder":"on","_et_pb_old_content":"","_et_gb_content_width":"","footnotes":""},"class_list":["post-7176","page","type-page","status-publish","hentry"],"acf":[],"_links":{"self":[{"href":"https:\/\/erasmusplus.al\/index.php?rest_route=\/wp\/v2\/pages\/7176","targetHints":{"allow":["GET"]}}],"collection":[{"href":"https:\/\/erasmusplus.al\/index.php?rest_route=\/wp\/v2\/pages"}],"about":[{"href":"https:\/\/erasmusplus.al\/index.php?rest_route=\/wp\/v2\/types\/page"}],"author":[{"embeddable":true,"href":"https:\/\/erasmusplus.al\/index.php?rest_route=\/wp\/v2\/users\/2"}],"replies":[{"embeddable":true,"href":"https:\/\/erasmusplus.al\/index.php?rest_route=%2Fwp%2Fv2%2Fcomments&post=7176"}],"version-history":[{"count":6,"href":"https:\/\/erasmusplus.al\/index.php?rest_route=\/wp\/v2\/pages\/7176\/revisions"}],"predecessor-version":[{"id":8065,"href":"https:\/\/erasmusplus.al\/index.php?rest_route=\/wp\/v2\/pages\/7176\/revisions\/8065"}],"wp:attachment":[{"href":"https:\/\/erasmusplus.al\/index.php?rest_route=%2Fwp%2Fv2%2Fmedia&parent=7176"}],"curies":[{"name":"wp","href":"https:\/\/api.w.org\/{rel}","templated":true}]}}