{"id":7180,"date":"2021-10-18T09:45:29","date_gmt":"2021-10-18T09:45:29","guid":{"rendered":"https:\/\/erasmusplus.al\/?page_id=7180"},"modified":"2022-02-18T18:45:12","modified_gmt":"2022-02-18T18:45:12","slug":"esn-shqiperi","status":"publish","type":"page","link":"https:\/\/erasmusplus.al\/?page_id=7180&lang=sq","title":{"rendered":"ESN Shqip\u00ebri"},"content":{"rendered":"<p>[et_pb_section fb_built=&#8221;1&#8243; _builder_version=&#8221;4.14.8&#8243; _module_preset=&#8221;default&#8221; hover_enabled=&#8221;0&#8243; global_colors_info=&#8221;{}&#8221; top_divider_style=&#8221;slant2&#8243; top_divider_color=&#8221;#0C71C3&#8243; bottom_divider_style=&#8221;slant2&#8243; bottom_divider_color=&#8221;#0C71C3&#8243; sticky_enabled=&#8221;0&#8243;][et_pb_row _builder_version=&#8221;4.11.4&#8243; _module_preset=&#8221;default&#8221; global_colors_info=&#8221;{}&#8221;][et_pb_column type=&#8221;4_4&#8243; _builder_version=&#8221;4.11.4&#8243; _module_preset=&#8221;default&#8221; global_colors_info=&#8221;{}&#8221;][et_pb_text _builder_version=&#8221;4.14.8&#8243; _module_preset=&#8221;default&#8221; hover_enabled=&#8221;0&#8243; global_colors_info=&#8221;{}&#8221; text_font=&#8221;Adamina||||||||&#8221; text_text_color=&#8221;#000000&#8243; text_font_size=&#8221;16px&#8221; text_line_height=&#8221;1.8em&#8221; sticky_enabled=&#8221;0&#8243;]<\/p>\n<h1><span style=\"color: #000080;\"><strong>ESN SHQIP\u00cbRI (Erasmus Student Network)<\/strong><\/span><\/h1>\n<p>ESN Albania \u00ebsht\u00eb seksioni zyrtar i ESN International n\u00eb Shqip\u00ebri. Rrjeti i Student\u00ebve Erasmus \u00ebsht\u00eb organizata m\u00eb e madhe evropiane e student\u00ebve dhe synon t\u00eb punoj\u00eb n\u00eb fush\u00ebn e arsimit, vlerave evropiane dhe qytetaris\u00eb aktive dhe kryesisht promovon dimensionin nd\u00ebrkomb\u00ebtar t\u00eb arsimit. ESN Albania b\u00ebhet pjes\u00eb e ESN International, pik\u00ebrisht n\u00eb 30-vjetorin e k\u00ebtij t\u00eb fundit, shtator 2019, duke u b\u00ebr\u00eb k\u00ebshtu vendi i 41-t\u00eb an\u00ebtar.<\/p>\n<p><a href=\"https:\/\/esn.org\/news\/albania-joins-erasmus-student-network\">https:\/\/esn.org\/news\/albania-joins-erasmus-student-network<\/a><\/p>\n<p>ESN Albania synon t\u00eb ndihmoj\u00eb student\u00ebt nd\u00ebrkomb\u00ebtar\u00eb n\u00eb Shqip\u00ebri duke u ofruar atyre asistenc\u00eb p\u00ebr nevojat e p\u00ebrditshme, orientimin social-kulturor, si dhe promovimin e programit Erasmus + p\u00ebr student\u00ebt shqiptar\u00eb. ESN Albania bashk\u00ebpunon me nj\u00eb s\u00ebr\u00eb IAL-sh n\u00eb Tiran\u00eb.<\/p>\n<p><span style=\"color: #000080;\"><strong>Kontaktet e ESN Tirana:<\/strong><\/span><\/p>\n<p>Website <a href=\"https:\/\/esn.org\/\">https:\/\/esn.org\/<\/a><\/p>\n<p>FB @esntirana<\/p>\n<p>Instagram: esn_tirana<\/p>\n<p>Email: <a href=\"mailto:albania@esn.org\">albania@esn.org<\/a><\/p>\n<div class=\"ead-preview\"><div class=\"ead-document\" style=\"position: relative;padding-top: 90%;\"><iframe src=\"\/\/view.officeapps.live.com\/op\/embed.aspx?src=https%3A%2F%2Ferasmusplus.al%2Fwp-content%2Fuploads%2F2021%2F02%2FESN_articleBlog_ENG.doc\" title=\"Embedded Document\" class=\"ead-iframe\" style=\"width: 100%;height: 100%;border: none;position: absolute;left: 0;top: 0;\"><\/iframe><\/div><p class=\"embed_download\"><a href=\"https:\/\/erasmusplus.al\/wp-content\/uploads\/2021\/02\/ESN_articleBlog_ENG.doc\" download>Download [543.50 KB] <\/a><\/p><\/div>\n<p>[\/et_pb_text][\/et_pb_column][\/et_pb_row][\/et_pb_section]<\/p>\n","protected":false},"excerpt":{"rendered":"<p>ESN SHQIP\u00cbRI (Erasmus Student Network) ESN Albania \u00ebsht\u00eb seksioni zyrtar i ESN International n\u00eb Shqip\u00ebri. Rrjeti i Student\u00ebve Erasmus \u00ebsht\u00eb organizata m\u00eb e madhe evropiane e student\u00ebve dhe synon t\u00eb punoj\u00eb n\u00eb fush\u00ebn e arsimit, vlerave evropiane dhe qytetaris\u00eb aktive dhe kryesisht promovon dimensionin nd\u00ebrkomb\u00ebtar t\u00eb arsimit. ESN Albania b\u00ebhet pjes\u00eb e ESN International, pik\u00ebrisht [&hellip;]<\/p>\n","protected":false},"author":2,"featured_media":0,"parent":0,"menu_order":0,"comment_status":"closed","ping_status":"closed","template":"","meta":{"_acf_changed":false,"_et_pb_use_builder":"on","_et_pb_old_content":"","_et_gb_content_width":"","footnotes":""},"class_list":["post-7180","page","type-page","status-publish","hentry"],"acf":[],"_links":{"self":[{"href":"https:\/\/erasmusplus.al\/index.php?rest_route=\/wp\/v2\/pages\/7180","targetHints":{"allow":["GET"]}}],"collection":[{"href":"https:\/\/erasmusplus.al\/index.php?rest_route=\/wp\/v2\/pages"}],"about":[{"href":"https:\/\/erasmusplus.al\/index.php?rest_route=\/wp\/v2\/types\/page"}],"author":[{"embeddable":true,"href":"https:\/\/erasmusplus.al\/index.php?rest_route=\/wp\/v2\/users\/2"}],"replies":[{"embeddable":true,"href":"https:\/\/erasmusplus.al\/index.php?rest_route=%2Fwp%2Fv2%2Fcomments&post=7180"}],"version-history":[{"count":6,"href":"https:\/\/erasmusplus.al\/index.php?rest_route=\/wp\/v2\/pages\/7180\/revisions"}],"predecessor-version":[{"id":8071,"href":"https:\/\/erasmusplus.al\/index.php?rest_route=\/wp\/v2\/pages\/7180\/revisions\/8071"}],"wp:attachment":[{"href":"https:\/\/erasmusplus.al\/index.php?rest_route=%2Fwp%2Fv2%2Fmedia&parent=7180"}],"curies":[{"name":"wp","href":"https:\/\/api.w.org\/{rel}","templated":true}]}}