{"id":7182,"date":"2021-10-18T09:45:47","date_gmt":"2021-10-18T09:45:47","guid":{"rendered":"https:\/\/erasmusplus.al\/?page_id=7182"},"modified":"2022-02-18T18:48:58","modified_gmt":"2022-02-18T18:48:58","slug":"wbaa","status":"publish","type":"page","link":"https:\/\/erasmusplus.al\/?page_id=7182&lang=sq","title":{"rendered":"WBAA"},"content":{"rendered":"<p>[et_pb_section fb_built=&#8221;1&#8243; _builder_version=&#8221;4.14.8&#8243; _module_preset=&#8221;default&#8221; hover_enabled=&#8221;0&#8243; global_colors_info=&#8221;{}&#8221; top_divider_style=&#8221;slant2&#8243; top_divider_color=&#8221;#0C71C3&#8243; bottom_divider_style=&#8221;slant2&#8243; bottom_divider_color=&#8221;#0C71C3&#8243; sticky_enabled=&#8221;0&#8243;][et_pb_row _builder_version=&#8221;4.11.4&#8243; _module_preset=&#8221;default&#8221; global_colors_info=&#8221;{}&#8221;][et_pb_column type=&#8221;4_4&#8243; _builder_version=&#8221;4.11.4&#8243; _module_preset=&#8221;default&#8221; global_colors_info=&#8221;{}&#8221;][et_pb_text _builder_version=&#8221;4.14.8&#8243; _module_preset=&#8221;default&#8221; custom_padding=&#8221;0px|||||&#8221; hover_enabled=&#8221;0&#8243; global_colors_info=&#8221;{}&#8221; text_font=&#8221;Adamina||||||||&#8221; text_text_color=&#8221;#000000&#8243; text_font_size=&#8221;15px&#8221; text_line_height=&#8221;1.8em&#8221; header_font=&#8221;Adamina|700|||||||&#8221; header_text_color=&#8221;#0C71C3&#8243; sticky_enabled=&#8221;0&#8243;]<\/p>\n<h1><strong>Western Balkans Alumni Association (WBAA)<\/strong><\/h1>\n<p><strong><\/strong><\/p>\n<p>Shoqata e Alumnive t\u00eb Ballkanit Per\u00ebndimor (WBAA) \u00ebsht\u00eb nj\u00eb shoqat\u00eb rajonale e t\u00eb diplomuarve nga Shqip\u00ebria, Bosnja dhe Hercegovina, Mali i Zi, Maqedonia e Veriut, Kosova dhe Serbia, t\u00eb cil\u00ebt kan\u00eb kaluar nj\u00eb pjes\u00eb t\u00eb studimeve, praktik\u00ebs ose aktiviteteve vullnetare n\u00eb nj\u00eb nga vendet e programit Erasmus+, ose si studiues i vendeve t\u00eb BE-s\u00eb ose jo-BE ose si individ i vet\u00ebfinancuar.<br \/>E nisur zyrtarisht n\u00eb mars 2018, WBAA lindi nga Platforma e BE-s\u00eb p\u00ebr Ballkanin Per\u00ebndimor p\u00ebr Arsimin dhe Trajnimin n\u00eb 2014. WBAA mb\u00ebshtetet dhe financohet nga Komisioni Evropian.<br \/>Sot, shoqata bashkon t\u00eb gjith\u00eb aktor\u00ebt p\u00ebrkat\u00ebs n\u00eb Ballkanin Per\u00ebndimor p\u00ebr t&#8217;u siguruar q\u00eb z\u00ebrat e t\u00eb rinjve n\u00eb rajon t\u00eb d\u00ebgjohen.<br \/>Gjat\u00eb sesioneve dhe formateve t\u00eb ndryshme t\u00eb organizuara nga an\u00ebtar\u00ebt e WBAA p\u00ebr an\u00ebtar\u00ebt e rregullt t\u00eb WBAA , ekspert\u00eb nga departamente t\u00eb ndryshme, fusha profesionale dhe rajone ftohen p\u00ebr t\u00eb ofruar informacion t\u00eb r\u00ebnd\u00ebsish\u00ebm rreth programeve t\u00eb mobiliteteve, trajnimeve profesionale, strukturave organizative etj.<\/p>\n<p><span style=\"color: #000080;\"><strong>Objektivat e WBAA jan\u00eb:<\/strong><\/span><\/p>\n<ul>\n<li>Krijimi i nj\u00eb bashkimi t\u00eb fort\u00eb t\u00eb t\u00eb diplomuarve nga Ballkani Per\u00ebndimor<\/li>\n<li>Promovimi i mund\u00ebsive t\u00eb mobiliteteve n\u00eb Evrop\u00eb dhe m\u00eb gjer\u00eb<\/li>\n<li>Ndarja e p\u00ebrvoj\u00ebs duke mb\u00ebshtetur dhe mentoruar student\u00ebt<\/li>\n<li>Rritja e pun\u00ebsueshm\u00ebris\u00eb p\u00ebrmes shk\u00ebmbimit t\u00eb praktikave, p\u00ebrvojave dhe kontakteve m\u00eb t\u00eb mira<\/li>\n<li>Fuqizimi dhe frym\u00ebzimi i t\u00eb rinjve p\u00ebr t\u00eb arritur q\u00ebllimet e tyre<\/li>\n<li>Kontributi n\u00eb modernizimin e sistemeve t\u00eb arsimit t\u00eb lart\u00eb n\u00eb vendlindje<\/li>\n<li>Nd\u00ebrlidhja me shoqata t\u00eb tjera t\u00eb diplomuar n\u00eb BE dhe m\u00eb gjer\u00eb<\/li>\n<\/ul>\n<p><span style=\"color: #000080;\"><strong>Kontaktet e WBAA:<\/strong><\/span><\/p>\n<p>Faqja e internetit: <a href=\"https:\/\/www.western-balkans-alumni.eu\/\">https:\/\/www.western-balkans-alumni.eu\/<\/a><\/p>\n<p>Facebook: <a href=\"https:\/\/www.facebook.com\/WesternBalkansAlumniAssociation\/\">https:\/\/www.facebook.com\/WesternBalkansAlumniAssociation\/<\/a><\/p>\n<p>Instagram:@wbaassociation<\/p>\n<p>E-Mail: <a href=\"mailto:albania@western-balkans-alumni.eu\">albania@western-balkans-alumni.eu<\/a> \u00a0ose <a href=\"mailto:info@western-balkans-alumni.eu\">info@western-balkans-alumni.eu<\/a><\/p>\n<p>Linku i aplikimit: <a href=\"https:\/\/www.western-balkans-alumni.eu\/membership\/\">https:\/\/www.western-balkans-alumni.eu\/membership\/<\/a><\/p>\n<p>[\/et_pb_text][\/et_pb_column][\/et_pb_row][\/et_pb_section]<\/p>\n","protected":false},"excerpt":{"rendered":"<p>Western Balkans Alumni Association (WBAA) Shoqata e Alumnive t\u00eb Ballkanit Per\u00ebndimor (WBAA) \u00ebsht\u00eb nj\u00eb shoqat\u00eb rajonale e t\u00eb diplomuarve nga Shqip\u00ebria, Bosnja dhe Hercegovina, Mali i Zi, Maqedonia e Veriut, Kosova dhe Serbia, t\u00eb cil\u00ebt kan\u00eb kaluar nj\u00eb pjes\u00eb t\u00eb studimeve, praktik\u00ebs ose aktiviteteve vullnetare n\u00eb nj\u00eb nga vendet e programit Erasmus+, ose si studiues [&hellip;]<\/p>\n","protected":false},"author":2,"featured_media":0,"parent":0,"menu_order":0,"comment_status":"closed","ping_status":"closed","template":"","meta":{"_acf_changed":false,"_et_pb_use_builder":"on","_et_pb_old_content":"","_et_gb_content_width":"","footnotes":""},"class_list":["post-7182","page","type-page","status-publish","hentry"],"acf":[],"_links":{"self":[{"href":"https:\/\/erasmusplus.al\/index.php?rest_route=\/wp\/v2\/pages\/7182","targetHints":{"allow":["GET"]}}],"collection":[{"href":"https:\/\/erasmusplus.al\/index.php?rest_route=\/wp\/v2\/pages"}],"about":[{"href":"https:\/\/erasmusplus.al\/index.php?rest_route=\/wp\/v2\/types\/page"}],"author":[{"embeddable":true,"href":"https:\/\/erasmusplus.al\/index.php?rest_route=\/wp\/v2\/users\/2"}],"replies":[{"embeddable":true,"href":"https:\/\/erasmusplus.al\/index.php?rest_route=%2Fwp%2Fv2%2Fcomments&post=7182"}],"version-history":[{"count":5,"href":"https:\/\/erasmusplus.al\/index.php?rest_route=\/wp\/v2\/pages\/7182\/revisions"}],"predecessor-version":[{"id":8073,"href":"https:\/\/erasmusplus.al\/index.php?rest_route=\/wp\/v2\/pages\/7182\/revisions\/8073"}],"wp:attachment":[{"href":"https:\/\/erasmusplus.al\/index.php?rest_route=%2Fwp%2Fv2%2Fmedia&parent=7182"}],"curies":[{"name":"wp","href":"https:\/\/api.w.org\/{rel}","templated":true}]}}