{"id":7192,"date":"2021-10-18T09:50:18","date_gmt":"2021-10-18T09:50:18","guid":{"rendered":"https:\/\/erasmusplus.al\/?page_id=7192"},"modified":"2022-02-20T18:02:40","modified_gmt":"2022-02-20T18:02:40","slug":"erasmus-per-individet","status":"publish","type":"page","link":"https:\/\/erasmusplus.al\/?page_id=7192&lang=sq","title":{"rendered":"Erasmus+ p\u00ebr individ\u00ebt"},"content":{"rendered":"<p>[et_pb_section fb_built=&#8221;1&#8243; theme_builder_area=&#8221;post_content&#8221; _builder_version=&#8221;4.14.8&#8243; _module_preset=&#8221;default&#8221; top_divider_style=&#8221;slant2&#8243; top_divider_color=&#8221;#0C71C3&#8243; bottom_divider_style=&#8221;slant2&#8243; bottom_divider_color=&#8221;#0C71C3&#8243; hover_enabled=&#8221;0&#8243; sticky_enabled=&#8221;0&#8243;][et_pb_row _builder_version=&#8221;4.14.8&#8243; _module_preset=&#8221;default&#8221; theme_builder_area=&#8221;post_content&#8221;][et_pb_column _builder_version=&#8221;4.14.8&#8243; _module_preset=&#8221;default&#8221; type=&#8221;4_4&#8243; theme_builder_area=&#8221;post_content&#8221;][et_pb_image src=&#8221;https:\/\/erasmusplus.al\/wp-content\/uploads\/2022\/02\/foto2.png&#8221; _builder_version=&#8221;4.14.8&#8243; _module_preset=&#8221;default&#8221; theme_builder_area=&#8221;post_content&#8221; title_text=&#8221;foto2&#8243; hover_enabled=&#8221;0&#8243; sticky_enabled=&#8221;0&#8243;][\/et_pb_image][et_pb_text _builder_version=&#8221;4.14.8&#8243; _module_preset=&#8221;default&#8221; theme_builder_area=&#8221;post_content&#8221; text_font=&#8221;Adamina||||||||&#8221; text_text_color=&#8221;#000000&#8243; text_font_size=&#8221;18px&#8221; text_line_height=&#8221;1.8em&#8221; hover_enabled=&#8221;0&#8243; sticky_enabled=&#8221;0&#8243;]<\/p>\n<p><strong><span style=\"color: #000080;\">Erasmus+ p\u00ebr Individ\u00eb ofron dy mund\u00ebsi studimi.<\/span><\/strong><\/p>\n<p>E para \u00ebsht\u00eb <strong>Shk\u00ebmbimet e Shkurta<\/strong> (ICM), e cila ofron nj\u00eb periudh\u00eb t\u00eb shkurt\u00ebr studimi n\u00eb t\u00eb dy nivelet (Bachelor dhe Master). M\u00eb pas studenti duhet t\u00eb kthehet n\u00eb universitetin e tij\/saj p\u00ebr t\u00eb p\u00ebrfunduar studimet.<\/p>\n<p><strong>P\u00ebr m\u00eb shum\u00eb informacion, shikoni student\u00ebt\/stafi i Shk\u00ebmbimeve t\u00eb Shkurta (ICM).<\/strong><\/p>\n<p><strong>Nj\u00eb Diplom\u00eb e P\u00ebrbashk\u00ebt Master Erasmus Mundus<\/strong> (EMJMD) \u00ebsht\u00eb nj\u00eb program studimi nd\u00ebrkomb\u00ebtar prestigjioz, i integruar, i ofruar bashk\u00ebrisht nga nj\u00eb konsorcium nd\u00ebrkomb\u00ebtar i institucioneve t\u00eb arsimit t\u00eb lart\u00eb. Student\u00ebt n\u00eb nivelin Master nga e gjith\u00eb bota mund t\u00eb aplikojn\u00eb.<\/p>\n<p><strong>Gjeni katalogun n\u00eb Erasmus Mundus Joint Masters.<\/strong><\/p>\n<p><a href=\"https:\/\/www.eacea.ec.europa.eu\/scholarships\/erasmus-mundus-catalogue_en\">https:\/\/www.eacea.ec.europa.eu\/scholarships\/erasmus-mundus-catalogue_en<\/a><\/p>\n<p>[\/et_pb_text][\/et_pb_column][\/et_pb_row][\/et_pb_section]<\/p>\n","protected":false},"excerpt":{"rendered":"<p>Erasmus+ p\u00ebr Individ\u00eb ofron dy mund\u00ebsi studimi. E para \u00ebsht\u00eb Shk\u00ebmbimet e Shkurta (ICM), e cila ofron nj\u00eb periudh\u00eb t\u00eb shkurt\u00ebr studimi n\u00eb t\u00eb dy nivelet (Bachelor dhe Master). M\u00eb pas studenti duhet t\u00eb kthehet n\u00eb universitetin e tij\/saj p\u00ebr t\u00eb p\u00ebrfunduar studimet. P\u00ebr m\u00eb shum\u00eb informacion, shikoni student\u00ebt\/stafi i Shk\u00ebmbimeve t\u00eb Shkurta (ICM). Nj\u00eb [&hellip;]<\/p>\n","protected":false},"author":2,"featured_media":0,"parent":0,"menu_order":0,"comment_status":"closed","ping_status":"closed","template":"","meta":{"_acf_changed":false,"_et_pb_use_builder":"on","_et_pb_old_content":"","_et_gb_content_width":"","footnotes":""},"class_list":["post-7192","page","type-page","status-publish","hentry"],"acf":[],"_links":{"self":[{"href":"https:\/\/erasmusplus.al\/index.php?rest_route=\/wp\/v2\/pages\/7192","targetHints":{"allow":["GET"]}}],"collection":[{"href":"https:\/\/erasmusplus.al\/index.php?rest_route=\/wp\/v2\/pages"}],"about":[{"href":"https:\/\/erasmusplus.al\/index.php?rest_route=\/wp\/v2\/types\/page"}],"author":[{"embeddable":true,"href":"https:\/\/erasmusplus.al\/index.php?rest_route=\/wp\/v2\/users\/2"}],"replies":[{"embeddable":true,"href":"https:\/\/erasmusplus.al\/index.php?rest_route=%2Fwp%2Fv2%2Fcomments&post=7192"}],"version-history":[{"count":4,"href":"https:\/\/erasmusplus.al\/index.php?rest_route=\/wp\/v2\/pages\/7192\/revisions"}],"predecessor-version":[{"id":8173,"href":"https:\/\/erasmusplus.al\/index.php?rest_route=\/wp\/v2\/pages\/7192\/revisions\/8173"}],"wp:attachment":[{"href":"https:\/\/erasmusplus.al\/index.php?rest_route=%2Fwp%2Fv2%2Fmedia&parent=7192"}],"curies":[{"name":"wp","href":"https:\/\/api.w.org\/{rel}","templated":true}]}}