{"id":7198,"date":"2021-10-18T09:52:39","date_gmt":"2021-10-18T09:52:39","guid":{"rendered":"https:\/\/erasmusplus.al\/?page_id=7198"},"modified":"2022-02-20T17:20:27","modified_gmt":"2022-02-20T17:20:27","slug":"lajme-publikime","status":"publish","type":"page","link":"https:\/\/erasmusplus.al\/?page_id=7198&lang=sq","title":{"rendered":"Lajme &#038; Publikime"},"content":{"rendered":"<p>[et_pb_section fb_built=&#8221;1&#8243; theme_builder_area=&#8221;post_content&#8221; _builder_version=&#8221;4.14.8&#8243; _module_preset=&#8221;default&#8221; top_divider_style=&#8221;slant2&#8243; top_divider_color=&#8221;#0C71C3&#8243; bottom_divider_style=&#8221;slant2&#8243; bottom_divider_color=&#8221;#0C71C3&#8243; hover_enabled=&#8221;0&#8243; sticky_enabled=&#8221;0&#8243;][et_pb_row _builder_version=&#8221;4.14.8&#8243; _module_preset=&#8221;default&#8221; theme_builder_area=&#8221;post_content&#8221;][et_pb_column _builder_version=&#8221;4.14.8&#8243; _module_preset=&#8221;default&#8221; type=&#8221;4_4&#8243; theme_builder_area=&#8221;post_content&#8221;][et_pb_image src=&#8221;https:\/\/erasmusplus.al\/wp-content\/uploads\/2022\/02\/publications.png&#8221; _builder_version=&#8221;4.14.8&#8243; _module_preset=&#8221;default&#8221; theme_builder_area=&#8221;post_content&#8221; title_text=&#8221;publications&#8221; hover_enabled=&#8221;0&#8243; sticky_enabled=&#8221;0&#8243; align=&#8221;center&#8221;][\/et_pb_image][et_pb_text _builder_version=&#8221;4.14.8&#8243; _module_preset=&#8221;default&#8221; theme_builder_area=&#8221;post_content&#8221; text_font=&#8221;Adamina||||||||&#8221; text_text_color=&#8221;#000000&#8243; text_font_size=&#8221;18px&#8221; text_line_height=&#8221;1.8em&#8221; hover_enabled=&#8221;0&#8243; sticky_enabled=&#8221;0&#8243;]<\/p>\n<p><span style=\"color: #000080;\">N\u00eb secil\u00ebn kategori t\u00eb publikimeve si t\u00eb NEO-ve ashtu edhe t\u00eb grupit t\u00eb ekspert\u00ebve p\u00ebr arsimin e lart\u00eb HERE do t\u00eb gjeni produkte t\u00eb pun\u00ebs s\u00eb tyre si raporte, konkluzione dhe rekomandime, t\u00eb dh\u00ebna etj.<\/span><\/p>\n<p><span style=\"color: #000080;\">Klikoni n\u00eb secil\u00ebn kategori p\u00ebr m\u00eb shum\u00eb informacion.<\/span><\/p>\n<p>[\/et_pb_text][\/et_pb_column][\/et_pb_row][\/et_pb_section]<\/p>\n","protected":false},"excerpt":{"rendered":"<p>N\u00eb secil\u00ebn kategori t\u00eb publikimeve si t\u00eb NEO-ve ashtu edhe t\u00eb grupit t\u00eb ekspert\u00ebve p\u00ebr arsimin e lart\u00eb HERE do t\u00eb gjeni produkte t\u00eb pun\u00ebs s\u00eb tyre si raporte, konkluzione dhe rekomandime, t\u00eb dh\u00ebna etj. Klikoni n\u00eb secil\u00ebn kategori p\u00ebr m\u00eb shum\u00eb informacion.<\/p>\n","protected":false},"author":2,"featured_media":0,"parent":0,"menu_order":0,"comment_status":"closed","ping_status":"closed","template":"","meta":{"_acf_changed":false,"_et_pb_use_builder":"on","_et_pb_old_content":"","_et_gb_content_width":"","footnotes":""},"class_list":["post-7198","page","type-page","status-publish","hentry"],"acf":[],"_links":{"self":[{"href":"https:\/\/erasmusplus.al\/index.php?rest_route=\/wp\/v2\/pages\/7198","targetHints":{"allow":["GET"]}}],"collection":[{"href":"https:\/\/erasmusplus.al\/index.php?rest_route=\/wp\/v2\/pages"}],"about":[{"href":"https:\/\/erasmusplus.al\/index.php?rest_route=\/wp\/v2\/types\/page"}],"author":[{"embeddable":true,"href":"https:\/\/erasmusplus.al\/index.php?rest_route=\/wp\/v2\/users\/2"}],"replies":[{"embeddable":true,"href":"https:\/\/erasmusplus.al\/index.php?rest_route=%2Fwp%2Fv2%2Fcomments&post=7198"}],"version-history":[{"count":3,"href":"https:\/\/erasmusplus.al\/index.php?rest_route=\/wp\/v2\/pages\/7198\/revisions"}],"predecessor-version":[{"id":8150,"href":"https:\/\/erasmusplus.al\/index.php?rest_route=\/wp\/v2\/pages\/7198\/revisions\/8150"}],"wp:attachment":[{"href":"https:\/\/erasmusplus.al\/index.php?rest_route=%2Fwp%2Fv2%2Fmedia&parent=7198"}],"curies":[{"name":"wp","href":"https:\/\/api.w.org\/{rel}","templated":true}]}}