{"id":845,"date":"2017-06-20T10:15:53","date_gmt":"2017-06-20T10:15:53","guid":{"rendered":"http:\/\/erasmusplus.al\/?page_id=845"},"modified":"2021-04-28T13:54:11","modified_gmt":"2021-04-28T13:54:11","slug":"zyra-shqiptare-erasmus","status":"publish","type":"page","link":"https:\/\/erasmusplus.al\/?page_id=845&lang=sq","title":{"rendered":"ZYRA SHQIPTARE ERASMUS+"},"content":{"rendered":"<div id=\"pl-845\"  class=\"panel-layout\" ><div id=\"pg-845-0\"  class=\"panel-grid panel-no-style\" ><div id=\"pgc-845-0-0\"  class=\"panel-grid-cell\" ><div id=\"panel-845-0-0-0\" class=\"so-panel widget widget_black-studio-tinymce widget_black_studio_tinymce panel-first-child panel-last-child\" data-index=\"0\" ><div class=\"textwidget\"><p><span style=\"color: #000000;\"><strong>Cila \u00ebsht\u00eb Zyra Erasmus+?<\/strong><\/span><\/p>\n<div><span lang=\"FR\" style=\"color: #000000;\">Duke filluar nga viti 2014, Zyrat Komb\u00ebtare Tempus u shnd\u00ebrruan n\u00eb Zyrat Komb\u00ebtare Erasmus+ (ZKE ose NEO). Ato do t\u00eb vazhdojn\u00eb t\u00eb kryejn\u00eb t\u00eb nj\u00ebjtat funksione dhe detyra si p\u00ebr programin Tempus,\u00a0 por duke e zgjeruar fokusin e tyre edhe n\u00eb programe t\u00eb tjera t\u00eb Erasmus+, ku Shqip\u00ebria \u00ebsht\u00eb e lejuar t\u00eb aplikoj\u00eb.<\/span><\/div>\n<div><span style=\"color: #000000;\">\u00a0<\/span><\/div>\n<div><span lang=\"FR\" style=\"color: #000000;\">Zyra Shqiptare Erasmus+\u00a0 funksion n\u00eb m\u00ebnyr\u00eb autonome, duke p\u00ebrfaq\u00ebsuar interesat e Komisionit Evropian dhe p\u00ebrb\u00ebn nj\u00eb qend\u00ebr \u00a0reference p\u00ebr t\u00eb gjith\u00eb aktor\u00ebt e arsimit t\u00eb lart\u00eb, aplikant\u00ebt e mundsh\u00ebm, p\u00ebrfituesit dhe t\u00eb gjith\u00eb t\u00eb interesuarit e tjer\u00eb n\u00eb lidhje me aktivitetet e Erasmus+ \u00a0n\u00eb fush\u00ebn e Arsimit t\u00eb Lart\u00eb.\u00a0 Funksionimi saj mb\u00ebshtetet nga Agjencia Ekzekutive p\u00ebr Arsimin, Kultur\u00ebn dhe Mediat Audiovizuale (EACEA).<\/span><\/div>\n<div><span style=\"color: #000000;\">\u00a0<\/span><\/div>\n<div><span lang=\"FR\" style=\"color: #000000;\">Zyra Erasmus+\u00a0 luan nj\u00eb rol t\u00eb r\u00ebnd\u00ebsish\u00ebm n\u00eb promovimin dhe k\u00ebshillimin p\u00ebr aplikime n\u00eb kuad\u00ebr t\u00eb programit Erasmus+.<\/span><\/div>\n<div><span style=\"color: #000000;\">\u00a0<\/span><\/div>\n<p><span style=\"color: #000000;\"><strong>\u00c7far\u00eb b\u00ebn Zyra Shqiptare Erasmus+?<\/strong> Zyra Shqiptare Erasmus+\u00a0 \u00a0ushtron, nd\u00ebr t\u00eb tjera, k\u00ebto funksione:<b><\/b><\/span><\/p>\n<ul>\n<li><span style=\"color: #000000;\">P\u00ebrpunon, promovon dhe shp\u00ebrndan n\u00eb t\u00eb gjitha Institucionet e Arsimit t\u00eb Lart\u00eb (IAL) informacionin dhe dokumentacionin e Programit Erasmus+;<\/span><\/li>\n<li><span style=\"color: #000000;\">K\u00ebshillon, informon dhe ndihmon t\u00eb gjith\u00eb personat e interesuar se si t\u00eb aplikojn\u00eb n\u00eb projektet Erasmus+;<\/span><\/li>\n<li><span style=\"color: #000000;\">Kryen monitorimin e zbatimit t\u00eb projekteve Tempus, t\u00eb cil\u00ebt nuk kan\u00eb p\u00ebrfunduar ende;<\/span><\/li>\n<li><span style=\"color: #000000;\">Mb\u00ebshtet dhe koordinon aktivitetet e grupit komb\u00ebtar t\u00eb Ekspert\u00ebve p\u00ebr Reformat e Arsimit t\u00eb Lart\u00eb, HERE (<i>Higher Education Reform Experts<\/i>), t\u00eb cil\u00ebt kan\u00eb rol k\u00ebshillues dhe mb\u00ebshtet\u00ebs p\u00ebr arritjen e objektivave t\u00eb programit Erasmus+;<\/span><\/li>\n<li><span style=\"color: #000000;\">Kontribuon n\u00eb vler\u00ebsimin e projekteve q\u00eb do t\u00eb paraqiten n\u00eb kuad\u00ebr t\u00eb aktivitetit pasardh\u00ebs t\u00eb Tempus-it, me titull \u201cNgritja e Kapaciteteve t\u00eb Arsimit t\u00eb Lart\u00eb\u201d n\u00eb Erasmus+;<\/span><\/li>\n<\/ul>\n<\/div><\/div><\/div><\/div><div id=\"pg-845-1\"  class=\"panel-grid panel-no-style\" ><div id=\"pgc-845-1-0\"  class=\"panel-grid-cell\" ><div id=\"panel-845-1-0-0\" class=\"so-panel widget widget_black-studio-tinymce widget_black_studio_tinymce panel-first-child panel-last-child\" data-index=\"1\" ><div class=\"textwidget\"><h4 style=\"text-align: center;\"><span style=\"color: #000000;\"><strong>Stafi i Zyr\u00ebs Shqiptare Erasmus+<\/strong><\/span><\/h4>\n<\/div><\/div><\/div><\/div><div id=\"pg-845-2\"  class=\"panel-grid panel-no-style\" ><div id=\"pgc-845-2-0\"  class=\"panel-grid-cell\" ><div id=\"panel-845-2-0-0\" class=\"so-panel widget widget_black-studio-tinymce widget_black_studio_tinymce panel-first-child panel-last-child\" data-index=\"2\" ><div class=\"textwidget\"><h4 style=\"text-align: center;\"><span style=\"color: #000000;\">Ada Ramaj<\/span><\/h4>\n<h4 style=\"text-align: center;\"><span style=\"color: #000000;\"><b><i>National<\/i><\/b><strong><em>\u00a0Coordinator of Erasmus+ Office\u00a0<\/em><\/strong><\/span><\/h4>\n<p style=\"text-align: center;\">\u00a0<a href=\"mailto:ada.ramaj@erasmusplus.al\" target=\"_blank\" rel=\"noopener\">ada.ramaj@<wbr \/>erasmusplus.al<\/a><\/p>\n<\/div><\/div><\/div><div id=\"pgc-845-2-1\"  class=\"panel-grid-cell\" ><div id=\"panel-845-2-1-0\" class=\"so-panel widget widget_black-studio-tinymce widget_black_studio_tinymce panel-first-child panel-last-child\" data-index=\"3\" ><div class=\"textwidget\"><h4 style=\"text-align: center;\"><span style=\"color: #000000;\">Elona Saraci<\/span><\/h4>\n<h4 style=\"text-align: center;\"><span style=\"color: #000000;\"><b><i>Deputy\u00a0Coordinator of Erasmus+ Office\u00a0<\/i><\/b><\/span><\/h4>\n<p style=\"text-align: center;\"><a href=\"mailto:elona.saraci@erasmusplus.al\" target=\"_blank\" rel=\"noopener\">elona.saraci@<wbr \/>erasmusplus.al<\/a><\/p>\n<\/div><\/div><\/div><\/div><\/div>","protected":false},"excerpt":{"rendered":"<p>Cila \u00ebsht\u00eb Zyra Erasmus+?Duke filluar nga viti 2014, Zyrat Komb\u00ebtare Tempus u shnd\u00ebrruan n\u00eb Zyrat Komb\u00ebtare Erasmus+ (ZKE ose NEO). Ato do t\u00eb vazhdojn\u00eb t\u00eb kryejn\u00eb t\u00eb nj\u00ebjtat funksione dhe detyra si p\u00ebr programin Tempus,\u00a0 por duke e zgjeruar fokusin e tyre edhe n\u00eb programe t\u00eb tjera t\u00eb Erasmus+, ku Shqip\u00ebria \u00ebsht\u00eb e lejuar t\u00eb [&hellip;]<\/p>\n","protected":false},"author":1,"featured_media":0,"parent":0,"menu_order":0,"comment_status":"closed","ping_status":"closed","template":"","meta":{"_acf_changed":false,"_et_pb_use_builder":"","_et_pb_old_content":"","_et_gb_content_width":"","footnotes":""},"class_list":["post-845","page","type-page","status-publish","hentry"],"acf":[],"_links":{"self":[{"href":"https:\/\/erasmusplus.al\/index.php?rest_route=\/wp\/v2\/pages\/845","targetHints":{"allow":["GET"]}}],"collection":[{"href":"https:\/\/erasmusplus.al\/index.php?rest_route=\/wp\/v2\/pages"}],"about":[{"href":"https:\/\/erasmusplus.al\/index.php?rest_route=\/wp\/v2\/types\/page"}],"author":[{"embeddable":true,"href":"https:\/\/erasmusplus.al\/index.php?rest_route=\/wp\/v2\/users\/1"}],"replies":[{"embeddable":true,"href":"https:\/\/erasmusplus.al\/index.php?rest_route=%2Fwp%2Fv2%2Fcomments&post=845"}],"version-history":[{"count":34,"href":"https:\/\/erasmusplus.al\/index.php?rest_route=\/wp\/v2\/pages\/845\/revisions"}],"predecessor-version":[{"id":6661,"href":"https:\/\/erasmusplus.al\/index.php?rest_route=\/wp\/v2\/pages\/845\/revisions\/6661"}],"wp:attachment":[{"href":"https:\/\/erasmusplus.al\/index.php?rest_route=%2Fwp%2Fv2%2Fmedia&parent=845"}],"curies":[{"name":"wp","href":"https:\/\/api.w.org\/{rel}","templated":true}]}}